{"id":694,"date":"2023-04-17T10:08:24","date_gmt":"2023-04-17T07:08:24","guid":{"rendered":"https:\/\/onko.cancerequality.eu\/?page_id=694"},"modified":"2023-08-01T16:55:00","modified_gmt":"2023-08-01T13:55:00","slug":"informativi-materiali","status":"publish","type":"page","link":"https:\/\/onkoalianse.lv\/lv\/noderigi-resursi\/informativi-materiali\/","title":{"rendered":"Informat\u012bvi materi\u0101li"},"content":{"rendered":"","protected":false},"excerpt":{"rendered":"","protected":false},"author":1,"featured_media":0,"parent":734,"menu_order":6,"comment_status":"closed","ping_status":"closed","template":"","meta":{"inline_featured_image":false,"footnotes":""},"class_list":["post-694","page","type-page","status-publish","hentry"],"acf":{"paslept_virsrakstu":true,"bloks":[{"nosaukums":"Tie\u0161saistes \u017eurn\u0101li","sub-bloki":[{"logo":"https:\/\/onkoalianse.lv\/wp-content\/uploads\/2023\/06\/EJC_journal.png","nosaukums":"European Journal of Cancer","saite":"https:\/\/www.ejcancer.com"}]},{"nosaukums":"Tie\u0161saistes izgl\u012bt\u012bba","sub-bloki":[{"logo":"https:\/\/onkoalianse.lv\/wp-content\/uploads\/2023\/06\/ESO_school.png","nosaukums":"European School of Oncology","saite":"https:\/\/www.eso.net\/"}]}]},"yoast_head":"<!-- This site is optimized with the Yoast SEO plugin v20.12 - https:\/\/yoast.com\/wordpress\/plugins\/seo\/ -->\n<title>Informat\u012bvi materi\u0101li - Onkoalianse<\/title>\n<meta name=\"robots\" content=\"index, follow, max-snippet:-1, max-image-preview:large, max-video-preview:-1\" \/>\n<link rel=\"canonical\" href=\"https:\/\/onkoalianse.lv\/lv\/noderigi-resursi\/informativi-materiali\/\" \/>\n<meta property=\"og:locale\" content=\"lv_LV\" \/>\n<meta property=\"og:type\" content=\"article\" \/>\n<meta property=\"og:title\" content=\"Informat\u012bvi materi\u0101li - Onkoalianse\" \/>\n<meta property=\"og:url\" content=\"https:\/\/onkoalianse.lv\/lv\/noderigi-resursi\/informativi-materiali\/\" \/>\n<meta property=\"og:site_name\" content=\"Onkoalianse\" \/>\n<meta property=\"article:modified_time\" content=\"2023-08-01T13:55:00+00:00\" \/>\n<meta name=\"twitter:card\" content=\"summary_large_image\" \/>\n<script type=\"application\/ld+json\" class=\"yoast-schema-graph\">{\"@context\":\"https:\/\/schema.org\",\"@graph\":[{\"@type\":\"WebPage\",\"@id\":\"https:\/\/onkoalianse.lv\/lv\/noderigi-resursi\/informativi-materiali\/\",\"url\":\"https:\/\/onkoalianse.lv\/lv\/noderigi-resursi\/informativi-materiali\/\",\"name\":\"Informat\u012bvi materi\u0101li - Onkoalianse\",\"isPartOf\":{\"@id\":\"https:\/\/onkoalianse.lv\/lv\/#website\"},\"datePublished\":\"2023-04-17T07:08:24+00:00\",\"dateModified\":\"2023-08-01T13:55:00+00:00\",\"breadcrumb\":{\"@id\":\"https:\/\/onkoalianse.lv\/lv\/noderigi-resursi\/informativi-materiali\/#breadcrumb\"},\"inLanguage\":\"lv-LV\",\"potentialAction\":[{\"@type\":\"ReadAction\",\"target\":[[\"https:\/\/onkoalianse.lv\/lv\/noderigi-resursi\/informativi-materiali\/\"]]}]},{\"@type\":\"BreadcrumbList\",\"@id\":\"https:\/\/onkoalianse.lv\/lv\/noderigi-resursi\/informativi-materiali\/#breadcrumb\",\"itemListElement\":[{\"@type\":\"ListItem\",\"position\":1,\"name\":\"Home\",\"item\":\"https:\/\/onkoalianse.lv\/lv\/\"},{\"@type\":\"ListItem\",\"position\":2,\"name\":\"Noder\u012bgi resursi\",\"item\":\"https:\/\/onkoalianse.lv\/lv\/noderigi-resursi\/\"},{\"@type\":\"ListItem\",\"position\":3,\"name\":\"Informat\u012bvi materi\u0101li\"}]},{\"@type\":\"WebSite\",\"@id\":\"https:\/\/onkoalianse.lv\/lv\/#website\",\"url\":\"https:\/\/onkoalianse.lv\/lv\/\",\"name\":\"Onkoalianse\",\"description\":\"Latvijas onkolo\u0123ijas pacientu organiz\u0101ciju apvien\u012bba\",\"potentialAction\":[{\"@type\":\"SearchAction\",\"target\":{\"@type\":\"EntryPoint\",\"urlTemplate\":\"https:\/\/onkoalianse.lv\/lv\/?s={search_term_string}\"},\"query-input\":\"required name=search_term_string\"}],\"inLanguage\":\"lv-LV\"}]}<\/script>\n<!-- \/ Yoast SEO plugin. -->","yoast_head_json":{"title":"Informat\u012bvi materi\u0101li - Onkoalianse","robots":{"index":"index","follow":"follow","max-snippet":"max-snippet:-1","max-image-preview":"max-image-preview:large","max-video-preview":"max-video-preview:-1"},"canonical":"https:\/\/onkoalianse.lv\/lv\/noderigi-resursi\/informativi-materiali\/","og_locale":"lv_LV","og_type":"article","og_title":"Informat\u012bvi materi\u0101li - Onkoalianse","og_url":"https:\/\/onkoalianse.lv\/lv\/noderigi-resursi\/informativi-materiali\/","og_site_name":"Onkoalianse","article_modified_time":"2023-08-01T13:55:00+00:00","twitter_card":"summary_large_image","schema":{"@context":"https:\/\/schema.org","@graph":[{"@type":"WebPage","@id":"https:\/\/onkoalianse.lv\/lv\/noderigi-resursi\/informativi-materiali\/","url":"https:\/\/onkoalianse.lv\/lv\/noderigi-resursi\/informativi-materiali\/","name":"Informat\u012bvi materi\u0101li - Onkoalianse","isPartOf":{"@id":"https:\/\/onkoalianse.lv\/lv\/#website"},"datePublished":"2023-04-17T07:08:24+00:00","dateModified":"2023-08-01T13:55:00+00:00","breadcrumb":{"@id":"https:\/\/onkoalianse.lv\/lv\/noderigi-resursi\/informativi-materiali\/#breadcrumb"},"inLanguage":"lv-LV","potentialAction":[{"@type":"ReadAction","target":[["https:\/\/onkoalianse.lv\/lv\/noderigi-resursi\/informativi-materiali\/"]]}]},{"@type":"BreadcrumbList","@id":"https:\/\/onkoalianse.lv\/lv\/noderigi-resursi\/informativi-materiali\/#breadcrumb","itemListElement":[{"@type":"ListItem","position":1,"name":"Home","item":"https:\/\/onkoalianse.lv\/lv\/"},{"@type":"ListItem","position":2,"name":"Noder\u012bgi resursi","item":"https:\/\/onkoalianse.lv\/lv\/noderigi-resursi\/"},{"@type":"ListItem","position":3,"name":"Informat\u012bvi materi\u0101li"}]},{"@type":"WebSite","@id":"https:\/\/onkoalianse.lv\/lv\/#website","url":"https:\/\/onkoalianse.lv\/lv\/","name":"Onkoalianse","description":"Latvijas onkolo\u0123ijas pacientu organiz\u0101ciju apvien\u012bba","potentialAction":[{"@type":"SearchAction","target":{"@type":"EntryPoint","urlTemplate":"https:\/\/onkoalianse.lv\/lv\/?s={search_term_string}"},"query-input":"required name=search_term_string"}],"inLanguage":"lv-LV"}]}},"_links":{"self":[{"href":"https:\/\/onkoalianse.lv\/lv\/wp-json\/wp\/v2\/pages\/694","targetHints":{"allow":["GET"]}}],"collection":[{"href":"https:\/\/onkoalianse.lv\/lv\/wp-json\/wp\/v2\/pages"}],"about":[{"href":"https:\/\/onkoalianse.lv\/lv\/wp-json\/wp\/v2\/types\/page"}],"author":[{"embeddable":true,"href":"https:\/\/onkoalianse.lv\/lv\/wp-json\/wp\/v2\/users\/1"}],"replies":[{"embeddable":true,"href":"https:\/\/onkoalianse.lv\/lv\/wp-json\/wp\/v2\/comments?post=694"}],"version-history":[{"count":8,"href":"https:\/\/onkoalianse.lv\/lv\/wp-json\/wp\/v2\/pages\/694\/revisions"}],"predecessor-version":[{"id":1005,"href":"https:\/\/onkoalianse.lv\/lv\/wp-json\/wp\/v2\/pages\/694\/revisions\/1005"}],"up":[{"embeddable":true,"href":"https:\/\/onkoalianse.lv\/lv\/wp-json\/wp\/v2\/pages\/734"}],"wp:attachment":[{"href":"https:\/\/onkoalianse.lv\/lv\/wp-json\/wp\/v2\/media?parent=694"}],"curies":[{"name":"wp","href":"https:\/\/api.w.org\/{rel}","templated":true}]}}