{"id":692,"date":"2023-04-17T10:08:17","date_gmt":"2023-04-17T07:08:17","guid":{"rendered":"https:\/\/onko.cancerequality.eu\/?page_id=692"},"modified":"2023-08-01T16:54:15","modified_gmt":"2023-08-01T13:54:15","slug":"eiropas-un-pasaules-organizacijas","status":"publish","type":"page","link":"https:\/\/onkoalianse.lv\/lv\/noderigi-resursi\/eiropas-un-pasaules-organizacijas\/","title":{"rendered":"Eiropas un pasaules organiz\u0101cijas"},"content":{"rendered":"","protected":false},"excerpt":{"rendered":"","protected":false},"author":1,"featured_media":0,"parent":734,"menu_order":5,"comment_status":"closed","ping_status":"closed","template":"","meta":{"inline_featured_image":false,"footnotes":""},"class_list":["post-692","page","type-page","status-publish","hentry"],"acf":{"paslept_virsrakstu":false,"organizations":false,"organizations_world":[{"logo":"https:\/\/onkoalianse.lv\/wp-content\/uploads\/2023\/05\/ECL_logo.png","title":"ECL (Association of European Cancer Leagues)","link":"https:\/\/www.cancer.eu\/"},{"logo":"https:\/\/onkoalianse.lv\/wp-content\/uploads\/2023\/05\/CCE_logo_V-e1684574187198.png","title":"CCE (Cancer Core Europe)","link":"https:\/\/cancercoreeurope.eu\/"},{"logo":"https:\/\/onkoalianse.lv\/wp-content\/uploads\/2023\/05\/CCI_Europe_logo.png","title":"CCI Europe (Childhood Cancer International Europe)","link":"https:\/\/ccieurope.eu\/"},{"logo":"https:\/\/onkoalianse.lv\/wp-content\/uploads\/2023\/05\/CPE_logo.png","title":"CPE (Cancer Patients Europe)","link":"https:\/\/cancerpatientseurope.org\/"},{"logo":"https:\/\/onkoalianse.lv\/wp-content\/uploads\/2023\/05\/EAPC_V.png","title":"EAPC (European Association for Palliative Care)","link":"https:\/\/eapcnet.eu\/about-us\/"},{"logo":"https:\/\/onkoalianse.lv\/wp-content\/uploads\/2023\/05\/ECO_logo_V.png","title":"ECO (European Cancer organisation)","link":"https:\/\/www.europeancancer.org\/"},{"logo":"https:\/\/onkoalianse.lv\/wp-content\/uploads\/2023\/06\/EHA_logo.png","title":"EHA (European Hematology Association)","link":"https:\/\/ehaweb.org\/"},{"logo":"https:\/\/onkoalianse.lv\/wp-content\/uploads\/2023\/06\/EHTG.png","title":"EHTG (European Hereditary Tumour Group)","link":"https:\/\/www.ehtg.org\/about-us.php"},{"logo":"https:\/\/onkoalianse.lv\/wp-content\/uploads\/2023\/06\/EORTC_logo.png","title":"EORTC (European Organisation for Research and Treatment of Cancer)","link":"https:\/\/www.eortc.org\/"},{"logo":"https:\/\/onkoalianse.lv\/wp-content\/uploads\/2023\/05\/EPF_logo_V.png","title":"EPF (European Patients\u2019 Forum)","link":"https:\/\/www.eu-patient.eu\/"},{"logo":"https:\/\/onkoalianse.lv\/wp-content\/uploads\/2023\/05\/ESMO_logo.png","title":"ESMO (European Society of Medical Oncology)","link":"https:\/\/www.esmo.org\/"},{"logo":"https:\/\/onkoalianse.lv\/wp-content\/uploads\/2023\/05\/ESTRO_V.png","title":"ESTRO (European Society for Radiotherapy and Oncology)","link":"https:\/\/www.estro.org\/"},{"logo":"https:\/\/onkoalianse.lv\/wp-content\/uploads\/2023\/05\/Europa_Donna_V.png","title":"EUROPA DONNA (European Breast Cancer Coalition)","link":"https:\/\/www.europadonna.org\/about-us\/"},{"logo":"https:\/\/onkoalianse.lv\/wp-content\/uploads\/2023\/06\/esdo_logo.png","title":"ESDO (European Society for Digestive Oncology)","link":"https:\/\/www.esdo.eu\/"},{"logo":"https:\/\/onkoalianse.lv\/wp-content\/uploads\/2023\/05\/ESGO_V-e1684574207370.png","title":"ESGO (European Society for Gynaecological Oncology)","link":"https:\/\/esgo.org\/"},{"logo":"https:\/\/onkoalianse.lv\/wp-content\/uploads\/2023\/05\/Euroskin_V.png","title":"EUROSKIN (European Society of Skin Cancer Prevention)","link":"https:\/\/www.euroskin.eu\/en\/"},{"logo":"https:\/\/onkoalianse.lv\/wp-content\/uploads\/2023\/06\/ESSO_logo.png","title":"ESSO (European Society of Surgical Oncology)","link":"https:\/\/www.essoweb.org\/"},{"logo":"https:\/\/onkoalianse.lv\/wp-content\/uploads\/2023\/06\/MASCC_FINAL.png","title":"MASCC (Multinational Association of Supportive care in Cancer)","link":"https:\/\/mascc.org\/"},{"logo":"https:\/\/onkoalianse.lv\/wp-content\/uploads\/2023\/05\/OECI_V.png","title":"OECI (Organisation of European Cancer Institutes)","link":"https:\/\/www.oeci.eu\/"},{"logo":"https:\/\/onkoalianse.lv\/wp-content\/uploads\/2023\/05\/RCE_logo.png","title":"RCE (Rare cancers Europe)","link":"https:\/\/www.rarecancerseurope.org\/"},{"logo":"https:\/\/onkoalianse.lv\/wp-content\/uploads\/2023\/05\/Wecan_logo_V.png","title":"WECAN (Workgroup of European Cancer Patient Advocacy Networks)","link":"https:\/\/wecanadvocate.eu\/"},{"logo":"https:\/\/onkoalianse.lv\/wp-content\/uploads\/2023\/06\/YCE_logo_V.png","title":"YCE (Youth Cancer Europe)","link":"https:\/\/www.youthcancereurope.org\/"}]},"yoast_head":"<!-- This site is optimized with the Yoast SEO plugin v20.12 - https:\/\/yoast.com\/wordpress\/plugins\/seo\/ -->\n<title>Eiropas un pasaules organiz\u0101cijas - Onkoalianse<\/title>\n<meta name=\"robots\" content=\"index, follow, max-snippet:-1, max-image-preview:large, max-video-preview:-1\" \/>\n<link rel=\"canonical\" href=\"https:\/\/onkoalianse.lv\/lv\/noderigi-resursi\/eiropas-un-pasaules-organizacijas\/\" \/>\n<meta property=\"og:locale\" content=\"lv_LV\" \/>\n<meta property=\"og:type\" content=\"article\" \/>\n<meta property=\"og:title\" content=\"Eiropas un pasaules organiz\u0101cijas - Onkoalianse\" \/>\n<meta property=\"og:url\" content=\"https:\/\/onkoalianse.lv\/lv\/noderigi-resursi\/eiropas-un-pasaules-organizacijas\/\" \/>\n<meta property=\"og:site_name\" content=\"Onkoalianse\" \/>\n<meta property=\"article:modified_time\" content=\"2023-08-01T13:54:15+00:00\" \/>\n<meta name=\"twitter:card\" content=\"summary_large_image\" \/>\n<script type=\"application\/ld+json\" class=\"yoast-schema-graph\">{\"@context\":\"https:\/\/schema.org\",\"@graph\":[{\"@type\":\"WebPage\",\"@id\":\"https:\/\/onkoalianse.lv\/lv\/noderigi-resursi\/eiropas-un-pasaules-organizacijas\/\",\"url\":\"https:\/\/onkoalianse.lv\/lv\/noderigi-resursi\/eiropas-un-pasaules-organizacijas\/\",\"name\":\"Eiropas un pasaules organiz\u0101cijas - Onkoalianse\",\"isPartOf\":{\"@id\":\"https:\/\/onkoalianse.lv\/lv\/#website\"},\"datePublished\":\"2023-04-17T07:08:17+00:00\",\"dateModified\":\"2023-08-01T13:54:15+00:00\",\"breadcrumb\":{\"@id\":\"https:\/\/onkoalianse.lv\/lv\/noderigi-resursi\/eiropas-un-pasaules-organizacijas\/#breadcrumb\"},\"inLanguage\":\"lv-LV\",\"potentialAction\":[{\"@type\":\"ReadAction\",\"target\":[[\"https:\/\/onkoalianse.lv\/lv\/noderigi-resursi\/eiropas-un-pasaules-organizacijas\/\"]]}]},{\"@type\":\"BreadcrumbList\",\"@id\":\"https:\/\/onkoalianse.lv\/lv\/noderigi-resursi\/eiropas-un-pasaules-organizacijas\/#breadcrumb\",\"itemListElement\":[{\"@type\":\"ListItem\",\"position\":1,\"name\":\"Home\",\"item\":\"https:\/\/onkoalianse.lv\/lv\/\"},{\"@type\":\"ListItem\",\"position\":2,\"name\":\"Noder\u012bgi resursi\",\"item\":\"https:\/\/onkoalianse.lv\/lv\/noderigi-resursi\/\"},{\"@type\":\"ListItem\",\"position\":3,\"name\":\"Eiropas un pasaules organiz\u0101cijas\"}]},{\"@type\":\"WebSite\",\"@id\":\"https:\/\/onkoalianse.lv\/lv\/#website\",\"url\":\"https:\/\/onkoalianse.lv\/lv\/\",\"name\":\"Onkoalianse\",\"description\":\"Latvijas onkolo\u0123ijas pacientu organiz\u0101ciju apvien\u012bba\",\"potentialAction\":[{\"@type\":\"SearchAction\",\"target\":{\"@type\":\"EntryPoint\",\"urlTemplate\":\"https:\/\/onkoalianse.lv\/lv\/?s={search_term_string}\"},\"query-input\":\"required name=search_term_string\"}],\"inLanguage\":\"lv-LV\"}]}<\/script>\n<!-- \/ Yoast SEO plugin. -->","yoast_head_json":{"title":"Eiropas un pasaules organiz\u0101cijas - Onkoalianse","robots":{"index":"index","follow":"follow","max-snippet":"max-snippet:-1","max-image-preview":"max-image-preview:large","max-video-preview":"max-video-preview:-1"},"canonical":"https:\/\/onkoalianse.lv\/lv\/noderigi-resursi\/eiropas-un-pasaules-organizacijas\/","og_locale":"lv_LV","og_type":"article","og_title":"Eiropas un pasaules organiz\u0101cijas - Onkoalianse","og_url":"https:\/\/onkoalianse.lv\/lv\/noderigi-resursi\/eiropas-un-pasaules-organizacijas\/","og_site_name":"Onkoalianse","article_modified_time":"2023-08-01T13:54:15+00:00","twitter_card":"summary_large_image","schema":{"@context":"https:\/\/schema.org","@graph":[{"@type":"WebPage","@id":"https:\/\/onkoalianse.lv\/lv\/noderigi-resursi\/eiropas-un-pasaules-organizacijas\/","url":"https:\/\/onkoalianse.lv\/lv\/noderigi-resursi\/eiropas-un-pasaules-organizacijas\/","name":"Eiropas un pasaules organiz\u0101cijas - Onkoalianse","isPartOf":{"@id":"https:\/\/onkoalianse.lv\/lv\/#website"},"datePublished":"2023-04-17T07:08:17+00:00","dateModified":"2023-08-01T13:54:15+00:00","breadcrumb":{"@id":"https:\/\/onkoalianse.lv\/lv\/noderigi-resursi\/eiropas-un-pasaules-organizacijas\/#breadcrumb"},"inLanguage":"lv-LV","potentialAction":[{"@type":"ReadAction","target":[["https:\/\/onkoalianse.lv\/lv\/noderigi-resursi\/eiropas-un-pasaules-organizacijas\/"]]}]},{"@type":"BreadcrumbList","@id":"https:\/\/onkoalianse.lv\/lv\/noderigi-resursi\/eiropas-un-pasaules-organizacijas\/#breadcrumb","itemListElement":[{"@type":"ListItem","position":1,"name":"Home","item":"https:\/\/onkoalianse.lv\/lv\/"},{"@type":"ListItem","position":2,"name":"Noder\u012bgi resursi","item":"https:\/\/onkoalianse.lv\/lv\/noderigi-resursi\/"},{"@type":"ListItem","position":3,"name":"Eiropas un pasaules organiz\u0101cijas"}]},{"@type":"WebSite","@id":"https:\/\/onkoalianse.lv\/lv\/#website","url":"https:\/\/onkoalianse.lv\/lv\/","name":"Onkoalianse","description":"Latvijas onkolo\u0123ijas pacientu organiz\u0101ciju apvien\u012bba","potentialAction":[{"@type":"SearchAction","target":{"@type":"EntryPoint","urlTemplate":"https:\/\/onkoalianse.lv\/lv\/?s={search_term_string}"},"query-input":"required name=search_term_string"}],"inLanguage":"lv-LV"}]}},"_links":{"self":[{"href":"https:\/\/onkoalianse.lv\/lv\/wp-json\/wp\/v2\/pages\/692","targetHints":{"allow":["GET"]}}],"collection":[{"href":"https:\/\/onkoalianse.lv\/lv\/wp-json\/wp\/v2\/pages"}],"about":[{"href":"https:\/\/onkoalianse.lv\/lv\/wp-json\/wp\/v2\/types\/page"}],"author":[{"embeddable":true,"href":"https:\/\/onkoalianse.lv\/lv\/wp-json\/wp\/v2\/users\/1"}],"replies":[{"embeddable":true,"href":"https:\/\/onkoalianse.lv\/lv\/wp-json\/wp\/v2\/comments?post=692"}],"version-history":[{"count":12,"href":"https:\/\/onkoalianse.lv\/lv\/wp-json\/wp\/v2\/pages\/692\/revisions"}],"predecessor-version":[{"id":1003,"href":"https:\/\/onkoalianse.lv\/lv\/wp-json\/wp\/v2\/pages\/692\/revisions\/1003"}],"up":[{"embeddable":true,"href":"https:\/\/onkoalianse.lv\/lv\/wp-json\/wp\/v2\/pages\/734"}],"wp:attachment":[{"href":"https:\/\/onkoalianse.lv\/lv\/wp-json\/wp\/v2\/media?parent=692"}],"curies":[{"name":"wp","href":"https:\/\/api.w.org\/{rel}","templated":true}]}}