{"id":690,"date":"2023-04-17T10:07:22","date_gmt":"2023-04-17T07:07:22","guid":{"rendered":"https:\/\/onko.cancerequality.eu\/?page_id=690"},"modified":"2023-08-01T17:00:47","modified_gmt":"2023-08-01T14:00:47","slug":"aktualitates","status":"publish","type":"page","link":"https:\/\/onkoalianse.lv\/lv\/jaunumi\/aktualitates\/","title":{"rendered":"Aktualit\u0101tes"},"content":{"rendered":"","protected":false},"excerpt":{"rendered":"","protected":false},"author":1,"featured_media":0,"parent":748,"menu_order":2,"comment_status":"closed","ping_status":"closed","template":"","meta":{"inline_featured_image":false,"footnotes":""},"class_list":["post-690","page","type-page","status-publish","hentry"],"acf":{"paslept_virsrakstu":false},"yoast_head":"<!-- This site is optimized with the Yoast SEO plugin v20.12 - https:\/\/yoast.com\/wordpress\/plugins\/seo\/ -->\n<title>Aktualit\u0101tes - Onkoalianse<\/title>\n<meta name=\"robots\" content=\"index, follow, max-snippet:-1, max-image-preview:large, max-video-preview:-1\" \/>\n<link rel=\"canonical\" href=\"https:\/\/onkoalianse.lv\/lv\/jaunumi\/aktualitates\/\" \/>\n<meta property=\"og:locale\" content=\"lv_LV\" \/>\n<meta property=\"og:type\" content=\"article\" \/>\n<meta property=\"og:title\" content=\"Aktualit\u0101tes - Onkoalianse\" \/>\n<meta property=\"og:url\" content=\"https:\/\/onkoalianse.lv\/lv\/jaunumi\/aktualitates\/\" \/>\n<meta property=\"og:site_name\" content=\"Onkoalianse\" \/>\n<meta property=\"article:modified_time\" content=\"2023-08-01T14:00:47+00:00\" \/>\n<meta name=\"twitter:card\" content=\"summary_large_image\" \/>\n<script type=\"application\/ld+json\" class=\"yoast-schema-graph\">{\"@context\":\"https:\/\/schema.org\",\"@graph\":[{\"@type\":\"WebPage\",\"@id\":\"https:\/\/onkoalianse.lv\/lv\/jaunumi\/aktualitates\/\",\"url\":\"https:\/\/onkoalianse.lv\/lv\/jaunumi\/aktualitates\/\",\"name\":\"Aktualit\u0101tes - Onkoalianse\",\"isPartOf\":{\"@id\":\"https:\/\/onkoalianse.lv\/lv\/#website\"},\"datePublished\":\"2023-04-17T07:07:22+00:00\",\"dateModified\":\"2023-08-01T14:00:47+00:00\",\"breadcrumb\":{\"@id\":\"https:\/\/onkoalianse.lv\/lv\/jaunumi\/aktualitates\/#breadcrumb\"},\"inLanguage\":\"lv-LV\",\"potentialAction\":[{\"@type\":\"ReadAction\",\"target\":[[\"https:\/\/onkoalianse.lv\/lv\/jaunumi\/aktualitates\/\"]]}]},{\"@type\":\"BreadcrumbList\",\"@id\":\"https:\/\/onkoalianse.lv\/lv\/jaunumi\/aktualitates\/#breadcrumb\",\"itemListElement\":[{\"@type\":\"ListItem\",\"position\":1,\"name\":\"Home\",\"item\":\"https:\/\/onkoalianse.lv\/lv\/\"},{\"@type\":\"ListItem\",\"position\":2,\"name\":\"Jaunumi\",\"item\":\"https:\/\/onkoalianse.lv\/lv\/jaunumi\/\"},{\"@type\":\"ListItem\",\"position\":3,\"name\":\"Aktualit\u0101tes\"}]},{\"@type\":\"WebSite\",\"@id\":\"https:\/\/onkoalianse.lv\/lv\/#website\",\"url\":\"https:\/\/onkoalianse.lv\/lv\/\",\"name\":\"Onkoalianse\",\"description\":\"Latvijas onkolo\u0123ijas pacientu organiz\u0101ciju apvien\u012bba\",\"potentialAction\":[{\"@type\":\"SearchAction\",\"target\":{\"@type\":\"EntryPoint\",\"urlTemplate\":\"https:\/\/onkoalianse.lv\/lv\/?s={search_term_string}\"},\"query-input\":\"required name=search_term_string\"}],\"inLanguage\":\"lv-LV\"}]}<\/script>\n<!-- \/ Yoast SEO plugin. -->","yoast_head_json":{"title":"Aktualit\u0101tes - Onkoalianse","robots":{"index":"index","follow":"follow","max-snippet":"max-snippet:-1","max-image-preview":"max-image-preview:large","max-video-preview":"max-video-preview:-1"},"canonical":"https:\/\/onkoalianse.lv\/lv\/jaunumi\/aktualitates\/","og_locale":"lv_LV","og_type":"article","og_title":"Aktualit\u0101tes - Onkoalianse","og_url":"https:\/\/onkoalianse.lv\/lv\/jaunumi\/aktualitates\/","og_site_name":"Onkoalianse","article_modified_time":"2023-08-01T14:00:47+00:00","twitter_card":"summary_large_image","schema":{"@context":"https:\/\/schema.org","@graph":[{"@type":"WebPage","@id":"https:\/\/onkoalianse.lv\/lv\/jaunumi\/aktualitates\/","url":"https:\/\/onkoalianse.lv\/lv\/jaunumi\/aktualitates\/","name":"Aktualit\u0101tes - Onkoalianse","isPartOf":{"@id":"https:\/\/onkoalianse.lv\/lv\/#website"},"datePublished":"2023-04-17T07:07:22+00:00","dateModified":"2023-08-01T14:00:47+00:00","breadcrumb":{"@id":"https:\/\/onkoalianse.lv\/lv\/jaunumi\/aktualitates\/#breadcrumb"},"inLanguage":"lv-LV","potentialAction":[{"@type":"ReadAction","target":[["https:\/\/onkoalianse.lv\/lv\/jaunumi\/aktualitates\/"]]}]},{"@type":"BreadcrumbList","@id":"https:\/\/onkoalianse.lv\/lv\/jaunumi\/aktualitates\/#breadcrumb","itemListElement":[{"@type":"ListItem","position":1,"name":"Home","item":"https:\/\/onkoalianse.lv\/lv\/"},{"@type":"ListItem","position":2,"name":"Jaunumi","item":"https:\/\/onkoalianse.lv\/lv\/jaunumi\/"},{"@type":"ListItem","position":3,"name":"Aktualit\u0101tes"}]},{"@type":"WebSite","@id":"https:\/\/onkoalianse.lv\/lv\/#website","url":"https:\/\/onkoalianse.lv\/lv\/","name":"Onkoalianse","description":"Latvijas onkolo\u0123ijas pacientu organiz\u0101ciju apvien\u012bba","potentialAction":[{"@type":"SearchAction","target":{"@type":"EntryPoint","urlTemplate":"https:\/\/onkoalianse.lv\/lv\/?s={search_term_string}"},"query-input":"required name=search_term_string"}],"inLanguage":"lv-LV"}]}},"_links":{"self":[{"href":"https:\/\/onkoalianse.lv\/lv\/wp-json\/wp\/v2\/pages\/690","targetHints":{"allow":["GET"]}}],"collection":[{"href":"https:\/\/onkoalianse.lv\/lv\/wp-json\/wp\/v2\/pages"}],"about":[{"href":"https:\/\/onkoalianse.lv\/lv\/wp-json\/wp\/v2\/types\/page"}],"author":[{"embeddable":true,"href":"https:\/\/onkoalianse.lv\/lv\/wp-json\/wp\/v2\/users\/1"}],"replies":[{"embeddable":true,"href":"https:\/\/onkoalianse.lv\/lv\/wp-json\/wp\/v2\/comments?post=690"}],"version-history":[{"count":2,"href":"https:\/\/onkoalianse.lv\/lv\/wp-json\/wp\/v2\/pages\/690\/revisions"}],"predecessor-version":[{"id":1009,"href":"https:\/\/onkoalianse.lv\/lv\/wp-json\/wp\/v2\/pages\/690\/revisions\/1009"}],"up":[{"embeddable":true,"href":"https:\/\/onkoalianse.lv\/lv\/wp-json\/wp\/v2\/pages\/748"}],"wp:attachment":[{"href":"https:\/\/onkoalianse.lv\/lv\/wp-json\/wp\/v2\/media?parent=690"}],"curies":[{"name":"wp","href":"https:\/\/api.w.org\/{rel}","templated":true}]}}