{"id":680,"date":"2023-04-17T10:01:33","date_gmt":"2023-04-17T10:01:33","guid":{"rendered":"https:\/\/onko.cancerequality.eu\/?page_id=680"},"modified":"2023-08-01T16:46:18","modified_gmt":"2023-08-01T13:46:18","slug":"darbibas-virzieni","status":"publish","type":"page","link":"https:\/\/onkoalianse.lv\/lv\/darbibas-virzieni\/","title":{"rendered":"Darb\u012bbas virzieni"},"content":{"rendered":"","protected":false},"excerpt":{"rendered":"","protected":false},"author":1,"featured_media":0,"parent":0,"menu_order":30,"comment_status":"closed","ping_status":"closed","template":"","meta":{"inline_featured_image":false,"footnotes":""},"class_list":["post-680","page","type-page","status-publish","hentry"],"acf":{"darbibas_virzieni":[{"ikona":"https:\/\/onkoalianse.lv\/wp-content\/uploads\/2023\/05\/DARBIBAS_VIRZIENI_01-1.svg","apraksts":"<p>Onkolo\u0123ijas pacientu organiz\u0101ciju veiktsp\u0113jas, potenci\u0101la un neatkar\u012bbas stiprin\u0101\u0161ana, sniedzot atbalsta r\u012bkus un instrumentus uz pier\u0101d\u012bjumiem balst\u012btas pacientu aizst\u0101v\u012bbas att\u012bst\u012bbai Latvij\u0101.<\/p>\n"},{"ikona":"https:\/\/onkoalianse.lv\/wp-content\/uploads\/2023\/05\/DARBIBAS_VIRZIENI_02-2.svg","apraksts":"<p>Latvijas onkolo\u0123ijas pacientu organiz\u0101ciju un to intere\u0161u p\u0101rst\u0101v\u012bba nacion\u0101laj\u0101s un starptautiskaj\u0101s organiz\u0101cij\u0101s un l\u0113m\u0113jinstit\u016bcij\u0101s, iesaiste nacion\u0101l\u0101s un Eiropas Savien\u012bbas vesel\u012bbas un soci\u0101l\u0101s politikas veido\u0161an\u0101.<\/p>\n"},{"ikona":"https:\/\/onkoalianse.lv\/wp-content\/uploads\/2023\/05\/DARBIBAS_VIRZIENI_03-1.svg","apraksts":"<p>L\u012bdzdal\u012bba Latvijas onkolo\u0123ijas nozares vesel\u012bbas un soci\u0101l\u0101s politikas, kop\u0113j\u0101s sist\u0113mas un finans\u0113juma ilgtsp\u0113j\u012bgas att\u012bst\u012bbas un pilnveides veicin\u0101\u0161an\u0101.<\/p>\n"},{"ikona":"https:\/\/onkoalianse.lv\/wp-content\/uploads\/2023\/05\/DARBIBAS_VIRZIENI_04-1.svg","apraksts":"<p>Pacientu un ar vi\u0146iem saist\u012bto cilv\u0113ku izgl\u012bto\u0161ana par onkolo\u0123isko slim\u012bbu, diagnostikas, \u0101rst\u0113\u0161anas un rehabilit\u0101cijas procesu, k\u0101 ar\u012b dz\u012bves kvalit\u0101tes uzlabo\u0161anas iesp\u0113j\u0101m.<\/p>\n"},{"ikona":"https:\/\/onkoalianse.lv\/wp-content\/uploads\/2023\/05\/DARBIBAS_VIRZIENI_05-1.svg","apraksts":"<p>Sabiedr\u012bbas inform\u0113\u0161ana un t\u0101s izpratnes veicin\u0101\u0161ana par onkolo\u0123isko slim\u012bbu riska faktoriem, savlaic\u012bgas diagnostikas nepiecie\u0161am\u012bbu.<\/p>\n"}],"paslept_virsrakstu":false},"yoast_head":"<!-- This site is optimized with the Yoast SEO plugin v20.12 - https:\/\/yoast.com\/wordpress\/plugins\/seo\/ -->\n<title>Darb\u012bbas virzieni - Onkoalianse<\/title>\n<meta name=\"robots\" content=\"index, follow, max-snippet:-1, max-image-preview:large, max-video-preview:-1\" \/>\n<link rel=\"canonical\" href=\"https:\/\/onkoalianse.lv\/lv\/darbibas-virzieni\/\" \/>\n<meta property=\"og:locale\" content=\"lv_LV\" \/>\n<meta property=\"og:type\" content=\"article\" \/>\n<meta property=\"og:title\" content=\"Darb\u012bbas virzieni - Onkoalianse\" \/>\n<meta property=\"og:url\" content=\"https:\/\/onkoalianse.lv\/lv\/darbibas-virzieni\/\" \/>\n<meta property=\"og:site_name\" content=\"Onkoalianse\" \/>\n<meta property=\"article:modified_time\" content=\"2023-08-01T13:46:18+00:00\" \/>\n<meta name=\"twitter:card\" content=\"summary_large_image\" \/>\n<script type=\"application\/ld+json\" class=\"yoast-schema-graph\">{\"@context\":\"https:\/\/schema.org\",\"@graph\":[{\"@type\":\"WebPage\",\"@id\":\"https:\/\/onkoalianse.lv\/lv\/darbibas-virzieni\/\",\"url\":\"https:\/\/onkoalianse.lv\/lv\/darbibas-virzieni\/\",\"name\":\"Darb\u012bbas virzieni - Onkoalianse\",\"isPartOf\":{\"@id\":\"https:\/\/onkoalianse.lv\/lv\/#website\"},\"datePublished\":\"2023-04-17T10:01:33+00:00\",\"dateModified\":\"2023-08-01T13:46:18+00:00\",\"breadcrumb\":{\"@id\":\"https:\/\/onkoalianse.lv\/lv\/darbibas-virzieni\/#breadcrumb\"},\"inLanguage\":\"lv-LV\",\"potentialAction\":[{\"@type\":\"ReadAction\",\"target\":[[\"https:\/\/onkoalianse.lv\/lv\/darbibas-virzieni\/\"]]}]},{\"@type\":\"BreadcrumbList\",\"@id\":\"https:\/\/onkoalianse.lv\/lv\/darbibas-virzieni\/#breadcrumb\",\"itemListElement\":[{\"@type\":\"ListItem\",\"position\":1,\"name\":\"Home\",\"item\":\"https:\/\/onkoalianse.lv\/lv\/\"},{\"@type\":\"ListItem\",\"position\":2,\"name\":\"Darb\u012bbas virzieni\"}]},{\"@type\":\"WebSite\",\"@id\":\"https:\/\/onkoalianse.lv\/lv\/#website\",\"url\":\"https:\/\/onkoalianse.lv\/lv\/\",\"name\":\"Onkoalianse\",\"description\":\"Latvijas onkolo\u0123ijas pacientu organiz\u0101ciju apvien\u012bba\",\"potentialAction\":[{\"@type\":\"SearchAction\",\"target\":{\"@type\":\"EntryPoint\",\"urlTemplate\":\"https:\/\/onkoalianse.lv\/lv\/?s={search_term_string}\"},\"query-input\":\"required name=search_term_string\"}],\"inLanguage\":\"lv-LV\"}]}<\/script>\n<!-- \/ Yoast SEO plugin. -->","yoast_head_json":{"title":"Darb\u012bbas virzieni - Onkoalianse","robots":{"index":"index","follow":"follow","max-snippet":"max-snippet:-1","max-image-preview":"max-image-preview:large","max-video-preview":"max-video-preview:-1"},"canonical":"https:\/\/onkoalianse.lv\/lv\/darbibas-virzieni\/","og_locale":"lv_LV","og_type":"article","og_title":"Darb\u012bbas virzieni - Onkoalianse","og_url":"https:\/\/onkoalianse.lv\/lv\/darbibas-virzieni\/","og_site_name":"Onkoalianse","article_modified_time":"2023-08-01T13:46:18+00:00","twitter_card":"summary_large_image","schema":{"@context":"https:\/\/schema.org","@graph":[{"@type":"WebPage","@id":"https:\/\/onkoalianse.lv\/lv\/darbibas-virzieni\/","url":"https:\/\/onkoalianse.lv\/lv\/darbibas-virzieni\/","name":"Darb\u012bbas virzieni - Onkoalianse","isPartOf":{"@id":"https:\/\/onkoalianse.lv\/lv\/#website"},"datePublished":"2023-04-17T10:01:33+00:00","dateModified":"2023-08-01T13:46:18+00:00","breadcrumb":{"@id":"https:\/\/onkoalianse.lv\/lv\/darbibas-virzieni\/#breadcrumb"},"inLanguage":"lv-LV","potentialAction":[{"@type":"ReadAction","target":[["https:\/\/onkoalianse.lv\/lv\/darbibas-virzieni\/"]]}]},{"@type":"BreadcrumbList","@id":"https:\/\/onkoalianse.lv\/lv\/darbibas-virzieni\/#breadcrumb","itemListElement":[{"@type":"ListItem","position":1,"name":"Home","item":"https:\/\/onkoalianse.lv\/lv\/"},{"@type":"ListItem","position":2,"name":"Darb\u012bbas virzieni"}]},{"@type":"WebSite","@id":"https:\/\/onkoalianse.lv\/lv\/#website","url":"https:\/\/onkoalianse.lv\/lv\/","name":"Onkoalianse","description":"Latvijas onkolo\u0123ijas pacientu organiz\u0101ciju apvien\u012bba","potentialAction":[{"@type":"SearchAction","target":{"@type":"EntryPoint","urlTemplate":"https:\/\/onkoalianse.lv\/lv\/?s={search_term_string}"},"query-input":"required name=search_term_string"}],"inLanguage":"lv-LV"}]}},"_links":{"self":[{"href":"https:\/\/onkoalianse.lv\/lv\/wp-json\/wp\/v2\/pages\/680","targetHints":{"allow":["GET"]}}],"collection":[{"href":"https:\/\/onkoalianse.lv\/lv\/wp-json\/wp\/v2\/pages"}],"about":[{"href":"https:\/\/onkoalianse.lv\/lv\/wp-json\/wp\/v2\/types\/page"}],"author":[{"embeddable":true,"href":"https:\/\/onkoalianse.lv\/lv\/wp-json\/wp\/v2\/users\/1"}],"replies":[{"embeddable":true,"href":"https:\/\/onkoalianse.lv\/lv\/wp-json\/wp\/v2\/comments?post=680"}],"version-history":[{"count":4,"href":"https:\/\/onkoalianse.lv\/lv\/wp-json\/wp\/v2\/pages\/680\/revisions"}],"predecessor-version":[{"id":997,"href":"https:\/\/onkoalianse.lv\/lv\/wp-json\/wp\/v2\/pages\/680\/revisions\/997"}],"wp:attachment":[{"href":"https:\/\/onkoalianse.lv\/lv\/wp-json\/wp\/v2\/media?parent=680"}],"curies":[{"name":"wp","href":"https:\/\/api.w.org\/{rel}","templated":true}]}}