{"id":674,"date":"2023-04-17T10:00:08","date_gmt":"2023-04-17T10:00:08","guid":{"rendered":"https:\/\/onko.cancerequality.eu\/?page_id=674"},"modified":"2023-08-01T16:43:41","modified_gmt":"2023-08-01T13:43:41","slug":"misija-un-vertibas","status":"publish","type":"page","link":"https:\/\/onkoalianse.lv\/lv\/misija-un-vertibas\/","title":{"rendered":"Misija un v\u0113rt\u012bbas"},"content":{"rendered":"","protected":false},"excerpt":{"rendered":"","protected":false},"author":1,"featured_media":0,"parent":0,"menu_order":29,"comment_status":"closed","ping_status":"closed","template":"","meta":{"inline_featured_image":false,"footnotes":""},"class_list":["post-674","page","type-page","status-publish","hentry"],"acf":{"vertibas":[{"ikona":"https:\/\/onkoalianse.lv\/wp-content\/uploads\/2023\/05\/VERTIBAS_Centra-pacients-1.svg","virsraksts":"CENTR\u0100 \u2013 PACIENTS","apraksts_-_iss":"<p>Pacients vienm\u0113r ir pirmaj\u0101 viet\u0101. M\u0113s dar\u0101m visu, lai pacients vis\u0101 sav\u0101 slim\u012bbas ce\u013c\u0101 tiktu cien\u012bts \u2013 sa\u0146emtu pien\u0101c\u012bgu uzman\u012bbu un nepiecie\u0161amo inform\u0101ciju, k\u0101 ar\u012b atbilsto\u0161u \u0101rst\u0113\u0161anu un atbalstu.<\/p>\n","apraksts_-_gars":"<p>Pacients vienm\u0113r ir pirmaj\u0101 viet\u0101. M\u0113s dar\u0101m visu, lai pacients vis\u0101 sav\u0101 slim\u012bbas ce\u013c\u0101 tiktu cien\u012bts \u2013 sa\u0146emtu gan pien\u0101c\u012bgu uzman\u012bbu un nepiecie\u0161amo inform\u0101ciju, gan atbilsto\u0161u \u0101rst\u0113\u0161anu un atbalstu, kas pal\u012bdz\u0113tu izvese\u013coties, pagarin\u0101tu dz\u012bvildzi un nov\u0113rstu priek\u0161laic\u012bgu mirst\u012bbu, nodro\u0161in\u0101tu nepiecie\u0161amo rehabilit\u0101ciju vai neierobe\u017eotu paliat\u012bvo apr\u016bpi.<\/p>\n"},{"ikona":"https:\/\/onkoalianse.lv\/wp-content\/uploads\/2023\/05\/VERTIBAS_Zinatniska-pieeja-1.svg","virsraksts":"ZIN\u0100TNISK\u0100 PIEEJA","apraksts_-_iss":"<p>M\u0113s sav\u0101 darb\u012bb\u0101 balst\u0101mies uz pier\u0101d\u012bjumos balst\u012btiem faktiem un datiem \u2013 zin\u0101tniskiem p\u0113t\u012bjumiem, starptautiski atz\u012btu profesion\u0101lo organiz\u0101ciju inform\u0101ciju un citiem dro\u0161ticamiem avotiem.<\/p>\n","apraksts_-_gars":"<p>M\u0113s sav\u0101 darb\u012bb\u0101 balst\u0101mies uz pier\u0101d\u012bjumos balst\u012btiem faktiem un datiem. Ar to saprotot zin\u0101tnisko p\u0113t\u012bjumu, dro\u0161ticamu inform\u0101cijas avotu un atz\u012btu starptautisku profesion\u0101lo organiz\u0101ciju inform\u0101cijas izmantojumu pacientu intere\u0161u aizst\u0101v\u012bb\u0101 un izgl\u012bto\u0161an\u0101.<\/p>\n"},{"ikona":"https:\/\/onkoalianse.lv\/wp-content\/uploads\/2023\/05\/VERTIBAS_Lidztiesiba-1.svg","virsraksts":"L\u012aDZTIES\u012aBA","apraksts_-_iss":"<p>Visiem onkolo\u0123ijas pacientiem j\u0101nodro\u0161ina vien\u0101da pieejam\u012bba diagnostiskiem izmekl\u0113jumiem, modernai terapijai, rehabilit\u0101cijai un citiem apr\u016bpes risin\u0101jumiem.<\/p>\n","apraksts_-_gars":"<p>Visiem onkolo\u0123ijas pacientiem, neatkar\u012bgi no audz\u0113ja lokaliz\u0101cijas un stadijas, j\u0101nodro\u0161ina vien\u0101da pieejam\u012bba gan diagnostiskiem izmekl\u0113jumiem, gan modernai terapijai, rehabilit\u0101cijai un citiem apr\u016bpes risin\u0101jumiem.<\/p>\n"}],"misija_-_virsraksts":"Misija","misija_-_teksts":"<p>Latvijas onkolo\u0123ijas pacientu organiz\u0101ciju apvien\u012bbas \u201cOnkoalianse\u201d misija ir apvienot un koordin\u0113t onkolo\u0123ijas pacientu aizst\u0101v\u012bbas organiz\u0101cijas, p\u0101rst\u0101vot onkolo\u0123ijas pacientu intereses un ties\u012bbas nacion\u0101l\u0101 un starptautisk\u0101 l\u012bmen\u012b.<\/p>\n","vertibas_-_virsraksts":"V\u0113rt\u012bbas","paslept_virsrakstu":true},"yoast_head":"<!-- This site is optimized with the Yoast SEO plugin v20.12 - https:\/\/yoast.com\/wordpress\/plugins\/seo\/ -->\n<title>Misija un v\u0113rt\u012bbas - Onkoalianse<\/title>\n<meta name=\"robots\" content=\"index, follow, max-snippet:-1, max-image-preview:large, max-video-preview:-1\" \/>\n<link rel=\"canonical\" href=\"https:\/\/onkoalianse.lv\/lv\/misija-un-vertibas\/\" \/>\n<meta property=\"og:locale\" content=\"lv_LV\" \/>\n<meta property=\"og:type\" content=\"article\" \/>\n<meta property=\"og:title\" content=\"Misija un v\u0113rt\u012bbas - Onkoalianse\" \/>\n<meta property=\"og:url\" content=\"https:\/\/onkoalianse.lv\/lv\/misija-un-vertibas\/\" \/>\n<meta property=\"og:site_name\" content=\"Onkoalianse\" \/>\n<meta property=\"article:modified_time\" content=\"2023-08-01T13:43:41+00:00\" \/>\n<meta name=\"twitter:card\" content=\"summary_large_image\" \/>\n<script type=\"application\/ld+json\" class=\"yoast-schema-graph\">{\"@context\":\"https:\/\/schema.org\",\"@graph\":[{\"@type\":\"WebPage\",\"@id\":\"https:\/\/onkoalianse.lv\/lv\/misija-un-vertibas\/\",\"url\":\"https:\/\/onkoalianse.lv\/lv\/misija-un-vertibas\/\",\"name\":\"Misija un v\u0113rt\u012bbas - Onkoalianse\",\"isPartOf\":{\"@id\":\"https:\/\/onkoalianse.lv\/lv\/#website\"},\"datePublished\":\"2023-04-17T10:00:08+00:00\",\"dateModified\":\"2023-08-01T13:43:41+00:00\",\"breadcrumb\":{\"@id\":\"https:\/\/onkoalianse.lv\/lv\/misija-un-vertibas\/#breadcrumb\"},\"inLanguage\":\"lv-LV\",\"potentialAction\":[{\"@type\":\"ReadAction\",\"target\":[[\"https:\/\/onkoalianse.lv\/lv\/misija-un-vertibas\/\"]]}]},{\"@type\":\"BreadcrumbList\",\"@id\":\"https:\/\/onkoalianse.lv\/lv\/misija-un-vertibas\/#breadcrumb\",\"itemListElement\":[{\"@type\":\"ListItem\",\"position\":1,\"name\":\"Home\",\"item\":\"https:\/\/onkoalianse.lv\/lv\/\"},{\"@type\":\"ListItem\",\"position\":2,\"name\":\"Misija un v\u0113rt\u012bbas\"}]},{\"@type\":\"WebSite\",\"@id\":\"https:\/\/onkoalianse.lv\/lv\/#website\",\"url\":\"https:\/\/onkoalianse.lv\/lv\/\",\"name\":\"Onkoalianse\",\"description\":\"Latvijas onkolo\u0123ijas pacientu organiz\u0101ciju apvien\u012bba\",\"potentialAction\":[{\"@type\":\"SearchAction\",\"target\":{\"@type\":\"EntryPoint\",\"urlTemplate\":\"https:\/\/onkoalianse.lv\/lv\/?s={search_term_string}\"},\"query-input\":\"required name=search_term_string\"}],\"inLanguage\":\"lv-LV\"}]}<\/script>\n<!-- \/ Yoast SEO plugin. -->","yoast_head_json":{"title":"Misija un v\u0113rt\u012bbas - Onkoalianse","robots":{"index":"index","follow":"follow","max-snippet":"max-snippet:-1","max-image-preview":"max-image-preview:large","max-video-preview":"max-video-preview:-1"},"canonical":"https:\/\/onkoalianse.lv\/lv\/misija-un-vertibas\/","og_locale":"lv_LV","og_type":"article","og_title":"Misija un v\u0113rt\u012bbas - Onkoalianse","og_url":"https:\/\/onkoalianse.lv\/lv\/misija-un-vertibas\/","og_site_name":"Onkoalianse","article_modified_time":"2023-08-01T13:43:41+00:00","twitter_card":"summary_large_image","schema":{"@context":"https:\/\/schema.org","@graph":[{"@type":"WebPage","@id":"https:\/\/onkoalianse.lv\/lv\/misija-un-vertibas\/","url":"https:\/\/onkoalianse.lv\/lv\/misija-un-vertibas\/","name":"Misija un v\u0113rt\u012bbas - Onkoalianse","isPartOf":{"@id":"https:\/\/onkoalianse.lv\/lv\/#website"},"datePublished":"2023-04-17T10:00:08+00:00","dateModified":"2023-08-01T13:43:41+00:00","breadcrumb":{"@id":"https:\/\/onkoalianse.lv\/lv\/misija-un-vertibas\/#breadcrumb"},"inLanguage":"lv-LV","potentialAction":[{"@type":"ReadAction","target":[["https:\/\/onkoalianse.lv\/lv\/misija-un-vertibas\/"]]}]},{"@type":"BreadcrumbList","@id":"https:\/\/onkoalianse.lv\/lv\/misija-un-vertibas\/#breadcrumb","itemListElement":[{"@type":"ListItem","position":1,"name":"Home","item":"https:\/\/onkoalianse.lv\/lv\/"},{"@type":"ListItem","position":2,"name":"Misija un v\u0113rt\u012bbas"}]},{"@type":"WebSite","@id":"https:\/\/onkoalianse.lv\/lv\/#website","url":"https:\/\/onkoalianse.lv\/lv\/","name":"Onkoalianse","description":"Latvijas onkolo\u0123ijas pacientu organiz\u0101ciju apvien\u012bba","potentialAction":[{"@type":"SearchAction","target":{"@type":"EntryPoint","urlTemplate":"https:\/\/onkoalianse.lv\/lv\/?s={search_term_string}"},"query-input":"required name=search_term_string"}],"inLanguage":"lv-LV"}]}},"_links":{"self":[{"href":"https:\/\/onkoalianse.lv\/lv\/wp-json\/wp\/v2\/pages\/674","targetHints":{"allow":["GET"]}}],"collection":[{"href":"https:\/\/onkoalianse.lv\/lv\/wp-json\/wp\/v2\/pages"}],"about":[{"href":"https:\/\/onkoalianse.lv\/lv\/wp-json\/wp\/v2\/types\/page"}],"author":[{"embeddable":true,"href":"https:\/\/onkoalianse.lv\/lv\/wp-json\/wp\/v2\/users\/1"}],"replies":[{"embeddable":true,"href":"https:\/\/onkoalianse.lv\/lv\/wp-json\/wp\/v2\/comments?post=674"}],"version-history":[{"count":17,"href":"https:\/\/onkoalianse.lv\/lv\/wp-json\/wp\/v2\/pages\/674\/revisions"}],"predecessor-version":[{"id":994,"href":"https:\/\/onkoalianse.lv\/lv\/wp-json\/wp\/v2\/pages\/674\/revisions\/994"}],"wp:attachment":[{"href":"https:\/\/onkoalianse.lv\/lv\/wp-json\/wp\/v2\/media?parent=674"}],"curies":[{"name":"wp","href":"https:\/\/api.w.org\/{rel}","templated":true}]}}