{"id":129,"date":"2021-12-09T14:06:08","date_gmt":"2021-12-09T14:06:08","guid":{"rendered":"https:\/\/onko.cancerequality.eu\/?page_id=129"},"modified":"2024-01-11T18:22:13","modified_gmt":"2024-01-11T15:22:13","slug":"daliborganizacijas","status":"publish","type":"page","link":"https:\/\/onkoalianse.lv\/lv\/daliborganizacijas\/","title":{"rendered":"Dal\u012bborganiz\u0101cijas"},"content":{"rendered":"","protected":false},"excerpt":{"rendered":"","protected":false},"author":1,"featured_media":0,"parent":0,"menu_order":31,"comment_status":"closed","ping_status":"closed","template":"","meta":{"inline_featured_image":false,"footnotes":""},"class_list":["post-129","page","type-page","status-publish","hentry"],"acf":{"organizations":[{"title":"V\u012brie\u0161u vesel\u012bbas kust\u012bba - fonds \u201cMovember Latvija\u201d","logo":"https:\/\/onkoalianse.lv\/wp-content\/uploads\/2023\/05\/Movember_Latvia.png","description":"<p>Prostatas v\u0113\u017ea pacientu aizst\u0101v\u012bbas biedr\u012bba, kas dibin\u0101ta 2015. gad\u0101. Organiz\u0101cijas ietvaros darbojas ar\u012b v\u012bru grupa, kas r\u012bko da\u017e\u0101da veida un satura aktivit\u0101tes, lai piev\u0113rstu sabiedr\u012bbas uzman\u012bbu v\u012brie\u0161u vesel\u012bbai. Grupa organiz\u0113 diskusijas prostatas v\u0113\u017ea pacientiem un \u0101rstiem, publiskos pas\u0101kumus hokeja un florbola sp\u0113\u013cu ietvaros, izgl\u012btojo\u0161as lekcijas par sporta noz\u012bmi onkolo\u0123ij\u0101 un pareiz\u0101m r\u016bp\u0113m par prostatas vesel\u012bbu u.c. Prostatas v\u0113\u017ea pacientu atbalsta grupas dal\u012bbnieki ir cilv\u0113ki, kuri sask\u0101ru\u0161ies ar \u0161o diagnozi nesen, vai cilv\u0113ki, kas \u0161o slim\u012bbu ir uzveiku\u0161i.<\/p>\n<p>Sazi\u0146ai: <a href=\"mailto:abolins56@gmail.com\">abolins56@gmail.com<\/a> ; +371 29 263 979<\/p>\n","link":"https:\/\/www.movemberlatvija.lv\/blogs\/"},{"title":"Melanomas pacientu atbalsta biedr\u012bba \u201cSoli priek\u0161\u0101 melanomai\u201d","logo":"https:\/\/onkoalianse.lv\/wp-content\/uploads\/2023\/05\/Melanoma_1.png","description":"<p>Melanomas pacientu atbalsta biedr\u012bba \u201cSoli priek\u0161\u0101 melanomai\u201d dibin\u0101ta 2019. gad\u0101 ar m\u0113r\u0137i \u012bstenot uz pier\u0101d\u012bjumiem balst\u012btu melanomas pacientu ties\u012bbu un intere\u0161u\u00a0 aizst\u0101v\u012bbu, k\u0101 ar\u012b veikt izgl\u012btojo\u0161u darbu.<\/p>\n<p>Sazi\u0146ai: <a href=\"mailto:biedriba@soliprieksamelanomai.lv\">biedriba@soliprieksamelanomai.lv<\/a> ; + 371 29 164 882, + 371 20 058 506<\/p>\n","link":"https:\/\/soliprieksamelanomai.lv\/"},{"title":"Labdar\u012bbas fonds kr\u016bts v\u0113\u017ea pacientu atbalstam \u201cRoz\u0101 vilciens\u201d","logo":"https:\/\/onkoalianse.lv\/wp-content\/uploads\/2023\/05\/Roza_vilciens-1.png","description":"<p>2014. gad\u0101 dibin\u0101t\u0101 Labdar\u012bbas fonda &#8220;Roz\u0101 vilciens&#8221; galvenais m\u0113r\u0137is ir pal\u012bdz\u0113t sieviet\u0113m ar kr\u016bts v\u0113\u017ea diagnozi sa\u0146emt m\u016bsdien\u012bgu atbalstu: individu\u0101las konsult\u0101cijas pie psihologa vai psihoterapeita, un nodarb\u012bbas pie fizioterapeita. Fonda m\u0113r\u0137os ietilpst ar\u012b pieredzes apmai\u0146as veicin\u0101\u0161ana starp slimn\u012bcu person\u0101lu un speci\u0101listiem, kas str\u0101d\u0101 ar kr\u016bts v\u0113\u017ea pacient\u0113m, k\u0101 ar\u012b informat\u012bvu materi\u0101lu izdo\u0161ana sieviet\u0113m, kuras sk\u0101ris kr\u016bts v\u0113zis.<\/p>\n<p>Sazi\u0146ai: <a href=\"mailto:rozavilciens@gmail.com\">rozavilciens@gmail.com<\/a> ; +371 26 338 398<\/p>\n","link":"https:\/\/rozavilciens.mozello.lv\/"},{"title":"Latvijas sievie\u0161u volontieru biedr\u012bba \u201cVita\u201d","logo":"https:\/\/onkoalianse.lv\/wp-content\/uploads\/2023\/05\/Biedriba_Vita-1.png","description":"<p>Dibin\u0101ta 1993. gad\u0101, atbalsta, apvieno un izgl\u012bto kr\u016bts v\u0113\u017ea pacientes, izmantojot \u201cl\u012bdz\u012bgs \u2013 l\u012bdz\u012bgam\u201d principu.<\/p>\n<p>Biedr\u012bbas organiz\u0113t\u0101s tradicion\u0101l\u0101s ikm\u0113ne\u0161a lekcijas katra m\u0113ne\u0161a tre\u0161aj\u0101 tre\u0161dien\u0101 plkst. 15.00, kas kop\u0161 1993. gada notika Latvijas Onkolo\u0123ijas centr\u0101, tagad norisin\u0101s internet\u0101 \u2013 biedr\u012bbas \u201cVita\u201d <a href=\"http:\/\/www.facebook.com\/biedribaVITA\" target=\"_blank\" rel=\"noopener\">Facebook kont\u0101<\/a> un <a href=\"https:\/\/www.youtube.com\/@biedribavita\/streams\" target=\"_blank\" rel=\"noopener\">YouTube kan\u0101l\u0101<\/a>.<\/p>\n<p>Izgl\u012btojo\u0161o se\u0161u video-semin\u0101ru ciklu \u201cApsteidz v\u0113zi ar vesel\u012bbprat\u012bbu!\u201d skatieties <a href=\"https:\/\/www.youtube.com\/@biedribavita\/videos\" target=\"_blank\" rel=\"noopener\">VIDEO GALERIJ\u0100<\/a>.<\/p>\n<p>Sazi\u0146ai: +371 29 462810, <a href=\"mailto:info@biedribavita.lv\">info@biedribavita.lv<\/a>, <a href=\"mailto:irina.januma@biedribavita.lv\">irina.januma@biedribavita.lv<\/a>.<\/p>\n","link":"https:\/\/www.biedribavita.lv\/"},{"title":"Plau\u0161u v\u0113\u017ea pacientu un tuvinieku biedr\u012bba","logo":"https:\/\/onkoalianse.lv\/wp-content\/uploads\/2023\/05\/Plausu_veza_biedriba-1.png","description":"<p>Dibin\u0101ta 2018. gad\u0101 un apvieno plau\u0161u v\u0113\u017ea pacientus un cilv\u0113kus, kuru \u0123imenes ir sk\u0101ris plau\u0161u v\u0113zis. Biedr\u012bbas m\u0113r\u0137i ir veicin\u0101t plau\u0161u v\u0113\u017ea agr\u012bnu atkl\u0101\u0161anu, izgl\u012btot sabiedr\u012bbu par plau\u0161u v\u0113\u017ea ra\u0161an\u0101s riskiem, veicin\u0101t Latvijas vesel\u012bbas apr\u016bpes un soci\u0101l\u0101s sist\u0113mas pilnveidi plau\u0161u v\u0113\u017ea jom\u0101. Biedr\u012bba tiecas p\u0101rst\u0101v\u0113t un paust pacientu viedokli da\u017e\u0101da veida sabiedriskaj\u0101s komisij\u0101s, piedal\u012bties l\u0113mumu izstr\u0101des un pie\u0146em\u0161anas procesos, kas saist\u012bti ar plau\u0161u v\u0113zi, t\u0101 apr\u016bpi un diagnostiku, k\u0101 ar\u012b akt\u012bvi sadarboties ar cit\u0101m vesel\u012bbas un soci\u0101l\u0101s jomas nevalstiskaj\u0101m organiz\u0101cij\u0101m, lai sekm\u0113tu vesel\u012bbas nozares un labkl\u0101j\u012bbas politikas uzlabo\u0161anu, veicin\u0101tu plau\u0161u v\u0113\u017ea \u0101rst\u0113\u0161anas pieejam\u012bbu ar jauniem un efekt\u012bviem medikamentiem, aktualiz\u0113tu personaliz\u0113tas \u0101rst\u0113\u0161anas un diagnostikas pieejam\u012bbas nepiecie\u0161am\u012bbu plau\u0161u v\u0113\u017ea pacientiem.<\/p>\n<p>Sazi\u0146ai: + 37129 242 706, <a href=\"mailto:harijs@bit.lv\">harijs@bit.lv<\/a><\/p>\n","link":""},{"title":"Zarnu v\u0113\u017ea pacientu biedr\u012bba \u201cEuropaColon Latvia\u201d","logo":"https:\/\/onkoalianse.lv\/wp-content\/uploads\/2023\/05\/Europa_colon-1.png","description":"<p>Organiz\u0101cij\u0101 ir apvienoju\u0161ies Latvijas kolorekt\u0101l\u0101 v\u0113\u017ea pacienti. Organiz\u0101cija tika nodibin\u0101ta 2012.gada 24. august\u0101, un t\u0101 ir da\u013ca no starptautiska t\u012bkla, kas aizst\u0101v zarnu v\u0113\u017ea pacientu ties\u012bbas 21 valst\u012b. Organiz\u0101cijas m\u0113r\u0137is ir pan\u0101kt b\u016btiskus uzlabojumus, lai aptur\u0113tu dramatisko zarnu v\u0113\u017ea saslimst\u012bbas k\u0101pumu Latvij\u0101.<\/p>\n<p>Sazi\u0146ai: +37126305033, <a href=\"mailto:biedriba@europacolon-latvia.lv\">biedriba@europacolon-latvia.lv<\/a><\/p>\n","link":"http:\/\/www.europacolon-latvia.lv\/lv"},{"title":"Alianse v\u012brie\u0161u vesel\u012bbai \u201cDa\u017e\u0101das paaudzes par dz\u012bvi\u201d","logo":"https:\/\/onkoalianse.lv\/wp-content\/uploads\/2023\/05\/Dazadas_paaudzes_par_dzivi-1.png","description":"<p>Dibin\u0101ta 2018. gad\u0101 un apvieno vair\u0101kas organiz\u0101cijas: Telpav\u012briem.lv, emocion\u0101l\u0101s vesel\u012bbas atbalsta biedr\u012bbu \u201cSaulesz\u012bmes\u201d, v\u012brie\u0161u vesel\u012bbas kust\u012bbu \u2013 fondu \u201cMovember Latvija, biedr\u012bbu \u201cDa\u017e\u0101das paaudzes par dz\u012bvi\u201d, biedr\u012bbu \u201cV\u012bri sasniedz maksimumu\u201d, k\u0101 ar\u012b zin\u0101\u0161anu telpu \u201cZikur\u0101ts\u201d. Alianse r\u016bp\u0113jas par jaut\u0101jumiem, kas valsts l\u012bmen\u012b skar v\u012brie\u0161u fizisk\u0101s un gar\u012bg\u0101s vesel\u012bbas jaut\u0101jumus, un l\u012bdz ar to \u2013 ar\u012b visas sabiedr\u012bbas labb\u016bt\u012bbas saglab\u0101\u0161anu un veicin\u0101\u0161anu. Alianse aicina piev\u0113rst liel\u0101ku uzman\u012bbu da\u017e\u0101du slim\u012bbu, tai skait\u0101 da\u017e\u0101du audz\u0113ju, piem\u0113ram, prostatas v\u0113\u017ea savlaic\u012bgai profilaksei.<\/p>\n<p>Sazi\u0146ai: <a href=\"mailto:dppd.biedriba@inbox.lv\">dppd.biedriba@inbox.lv<\/a><\/p>\n","link":""},{"title":"Biedr\u012bba \u201cPAR DZ\u012aVOT\u201d","logo":"https:\/\/onkoalianse.lv\/wp-content\/uploads\/2023\/05\/Par_dzivot_iesutitais.png","description":"<p>Apvieno pacientus ar da\u017e\u0101d\u0101m onkolo\u0123iskaj\u0101m diagnoz\u0113m. M\u016bsu dev\u012bze: &#8220;Kop\u0101 &#8211; viegl\u0101k, kop\u0101 &#8211; sp\u0113ks!&#8221; Dal\u012bbniekiem tiek sniegta nep\u0101rtraukta 24\/7 savstarp\u0113ja informat\u012bv\u0101 un psiholo\u0123isk\u0101 pal\u012bdz\u012bba, lai p\u0113c iesp\u0113jas viegl\u0101k un efekt\u012bv\u0101k veiktu \u0101rst\u0113\u0161anu, atrastos remisij\u0101 un atjaunotu dz\u012bves kvalit\u0101ti p\u0113c \u0101rst\u0113\u0161anas.<\/p>\n<p>Biedr\u012bbas \u201cPAR DZ\u012aVOT\u201d darb\u012bbas virzieni: izgl\u012btojo\u0161as aktivit\u0101tes (lekcijas, tik\u0161an\u0101s ar ekspertiem, publik\u0101cijas), vesel\u012bga dz\u012bvesveida veicin\u0101\u0161ana (profilaktiskie un psiholo\u0123iskie pas\u0101kumi), m\u0101kslas terapija, psiholo\u0123iskais atbalsts u.c.<\/p>\n<p>Sazi\u0146ai: +37120666726; <a href=\"mailto:onkogruppa@gmail.com\">onkogruppa@gmail.com<\/a>;<br \/>\nFB: <a href=\"https:\/\/www.facebook.com\/gruppaonko\" target=\"_blank\" rel=\"noopener\">Par Dz\u012bvot\/\u041f\u0440\u043e \u0416\u0438\u0442\u044c<\/a><br \/>\nIG:<a href=\"https:\/\/www.instagram.com\/pardzivot\/\" target=\"_blank\" rel=\"noopener\">@pardzivot<\/a><\/p>\n","link":"https:\/\/pardzivot.lv\/"}],"paslept_virsrakstu":false,"vadiba":[{"image":"https:\/\/onkoalianse.lv\/wp-content\/uploads\/2023\/06\/Evita_Zalite_Grosa.jpg","name":"Evita Z\u0101l\u012bte - Grosa","position":"","description":"Pirms vair\u0101k nek\u0101 desmit gadiem man atkl\u0101ja kolorekt\u0101lo v\u0113zi, un, pateicoties agr\u012bnai stadijai, to veiksm\u012bgi izoper\u0113ja. Esmu dz\u012bva un uzskatu par savu pien\u0101kumu dar\u012bt visu, lai r\u016bp\u0113tos par savu vesel\u012bbu un pal\u012bdz\u0113tu to dar\u012bt ar\u012b citiem. Hospiss un paliat\u012bv\u0101 apr\u016bpe Latvij\u0101 jau vair\u0101kus gadus ir k\u013cuvu\u0161i par manu darba lauku."},{"image":"https:\/\/onkoalianse.lv\/wp-content\/uploads\/2023\/05\/Baiba-Purina_labots.png","name":"Baiba Puri\u0146a","position":"","description":"Atbalstu sievie\u0161u vesel\u012bbu, jo \u012bpa\u0161i aizst\u0101vu politiku, kas nodro\u0161ina piek\u013cuvi inovat\u012bvai medic\u012bnai un jaun\u0101kajiem sasniegumiem medic\u012bn\u0101. Atbalstu pacientiem dz\u012bv\u012bbu gl\u0101bjo\u0161u \u0101rst\u0113\u0161anu, ko vi\u0146i ir peln\u012bju\u0161i."},{"image":"https:\/\/onkoalianse.lv\/wp-content\/uploads\/2024\/01\/Lasma_Nikolaisone_s.jpg","name":"L\u0101sma Nikolaisone","position":"","description":"Manas priorit\u0101tes pacientu p\u0101rst\u0101v\u012bb\u0101 ir multidisciplin\u0101ras \u0101rst\u0113\u0161anas un apr\u016bpes pieejam\u012bba un kvalit\u0101te gan terapijas laik\u0101, gan p\u0113c t\u0101s. Man\u0101 intere\u0161u lok\u0101 ir ar\u012b izgl\u012bto\u0161anas jaut\u0101jumi: v\u0113\u017ea skr\u012bninga atsauc\u012bbas veicin\u0101\u0161ana sabiedr\u012bb\u0101, v\u0113\u017ea stigmas mazin\u0101\u0161ana, vesel\u012bbprat\u012bbas un apzin\u0101tas attieksmes pret vesel\u012bbu veicin\u0101\u0161ana vis\u0101s vecuma grup\u0101s, jo zarnu v\u0113zis nav tikai senioru slim\u012bba."},{"image":"https:\/\/onkoalianse.lv\/wp-content\/uploads\/2023\/05\/Agnese_Apse_labots.jpg","name":"Agnese Apse","position":"","description":"Priorit\u0101te - onkoginokolo\u0123isko slimnie\u010du aizst\u0101v\u012bba, \u0101rst\u0113\u0161anas kvalit\u0101te saska\u0146\u0101 ar Eiropas ESMO pamatnost\u0101dn\u0113m."}],"secondary_title":"Vair\u0101ki onkolo\u0123iskie pacienti \u201cOnkoalians\u0113\u201d darbojas individu\u0101li:","title":"\u201cOnkoalians\u0113\u201d apvienoju\u0161\u0101s \u0161\u0101das dal\u012bborganiz\u0101cijas:"},"yoast_head":"<!-- This site is optimized with the Yoast SEO plugin v20.12 - https:\/\/yoast.com\/wordpress\/plugins\/seo\/ -->\n<title>Dal\u012bborganiz\u0101cijas - Onkoalianse<\/title>\n<meta name=\"robots\" content=\"index, follow, max-snippet:-1, max-image-preview:large, max-video-preview:-1\" \/>\n<link rel=\"canonical\" href=\"https:\/\/onkoalianse.lv\/lv\/daliborganizacijas\/\" \/>\n<meta property=\"og:locale\" content=\"lv_LV\" \/>\n<meta property=\"og:type\" content=\"article\" \/>\n<meta property=\"og:title\" content=\"Dal\u012bborganiz\u0101cijas - Onkoalianse\" \/>\n<meta property=\"og:url\" content=\"https:\/\/onkoalianse.lv\/lv\/daliborganizacijas\/\" \/>\n<meta property=\"og:site_name\" content=\"Onkoalianse\" \/>\n<meta property=\"article:modified_time\" content=\"2024-01-11T15:22:13+00:00\" \/>\n<meta name=\"twitter:card\" content=\"summary_large_image\" \/>\n<script type=\"application\/ld+json\" class=\"yoast-schema-graph\">{\"@context\":\"https:\/\/schema.org\",\"@graph\":[{\"@type\":\"WebPage\",\"@id\":\"https:\/\/onkoalianse.lv\/lv\/daliborganizacijas\/\",\"url\":\"https:\/\/onkoalianse.lv\/lv\/daliborganizacijas\/\",\"name\":\"Dal\u012bborganiz\u0101cijas - Onkoalianse\",\"isPartOf\":{\"@id\":\"https:\/\/onkoalianse.lv\/lv\/#website\"},\"datePublished\":\"2021-12-09T14:06:08+00:00\",\"dateModified\":\"2024-01-11T15:22:13+00:00\",\"breadcrumb\":{\"@id\":\"https:\/\/onkoalianse.lv\/lv\/daliborganizacijas\/#breadcrumb\"},\"inLanguage\":\"lv-LV\",\"potentialAction\":[{\"@type\":\"ReadAction\",\"target\":[[\"https:\/\/onkoalianse.lv\/lv\/daliborganizacijas\/\"]]}]},{\"@type\":\"BreadcrumbList\",\"@id\":\"https:\/\/onkoalianse.lv\/lv\/daliborganizacijas\/#breadcrumb\",\"itemListElement\":[{\"@type\":\"ListItem\",\"position\":1,\"name\":\"Home\",\"item\":\"https:\/\/onkoalianse.lv\/lv\/\"},{\"@type\":\"ListItem\",\"position\":2,\"name\":\"Dal\u012bborganiz\u0101cijas\"}]},{\"@type\":\"WebSite\",\"@id\":\"https:\/\/onkoalianse.lv\/lv\/#website\",\"url\":\"https:\/\/onkoalianse.lv\/lv\/\",\"name\":\"Onkoalianse\",\"description\":\"Latvijas onkolo\u0123ijas pacientu organiz\u0101ciju apvien\u012bba\",\"potentialAction\":[{\"@type\":\"SearchAction\",\"target\":{\"@type\":\"EntryPoint\",\"urlTemplate\":\"https:\/\/onkoalianse.lv\/lv\/?s={search_term_string}\"},\"query-input\":\"required name=search_term_string\"}],\"inLanguage\":\"lv-LV\"}]}<\/script>\n<!-- \/ Yoast SEO plugin. -->","yoast_head_json":{"title":"Dal\u012bborganiz\u0101cijas - Onkoalianse","robots":{"index":"index","follow":"follow","max-snippet":"max-snippet:-1","max-image-preview":"max-image-preview:large","max-video-preview":"max-video-preview:-1"},"canonical":"https:\/\/onkoalianse.lv\/lv\/daliborganizacijas\/","og_locale":"lv_LV","og_type":"article","og_title":"Dal\u012bborganiz\u0101cijas - Onkoalianse","og_url":"https:\/\/onkoalianse.lv\/lv\/daliborganizacijas\/","og_site_name":"Onkoalianse","article_modified_time":"2024-01-11T15:22:13+00:00","twitter_card":"summary_large_image","schema":{"@context":"https:\/\/schema.org","@graph":[{"@type":"WebPage","@id":"https:\/\/onkoalianse.lv\/lv\/daliborganizacijas\/","url":"https:\/\/onkoalianse.lv\/lv\/daliborganizacijas\/","name":"Dal\u012bborganiz\u0101cijas - Onkoalianse","isPartOf":{"@id":"https:\/\/onkoalianse.lv\/lv\/#website"},"datePublished":"2021-12-09T14:06:08+00:00","dateModified":"2024-01-11T15:22:13+00:00","breadcrumb":{"@id":"https:\/\/onkoalianse.lv\/lv\/daliborganizacijas\/#breadcrumb"},"inLanguage":"lv-LV","potentialAction":[{"@type":"ReadAction","target":[["https:\/\/onkoalianse.lv\/lv\/daliborganizacijas\/"]]}]},{"@type":"BreadcrumbList","@id":"https:\/\/onkoalianse.lv\/lv\/daliborganizacijas\/#breadcrumb","itemListElement":[{"@type":"ListItem","position":1,"name":"Home","item":"https:\/\/onkoalianse.lv\/lv\/"},{"@type":"ListItem","position":2,"name":"Dal\u012bborganiz\u0101cijas"}]},{"@type":"WebSite","@id":"https:\/\/onkoalianse.lv\/lv\/#website","url":"https:\/\/onkoalianse.lv\/lv\/","name":"Onkoalianse","description":"Latvijas onkolo\u0123ijas pacientu organiz\u0101ciju apvien\u012bba","potentialAction":[{"@type":"SearchAction","target":{"@type":"EntryPoint","urlTemplate":"https:\/\/onkoalianse.lv\/lv\/?s={search_term_string}"},"query-input":"required name=search_term_string"}],"inLanguage":"lv-LV"}]}},"_links":{"self":[{"href":"https:\/\/onkoalianse.lv\/lv\/wp-json\/wp\/v2\/pages\/129","targetHints":{"allow":["GET"]}}],"collection":[{"href":"https:\/\/onkoalianse.lv\/lv\/wp-json\/wp\/v2\/pages"}],"about":[{"href":"https:\/\/onkoalianse.lv\/lv\/wp-json\/wp\/v2\/types\/page"}],"author":[{"embeddable":true,"href":"https:\/\/onkoalianse.lv\/lv\/wp-json\/wp\/v2\/users\/1"}],"replies":[{"embeddable":true,"href":"https:\/\/onkoalianse.lv\/lv\/wp-json\/wp\/v2\/comments?post=129"}],"version-history":[{"count":31,"href":"https:\/\/onkoalianse.lv\/lv\/wp-json\/wp\/v2\/pages\/129\/revisions"}],"predecessor-version":[{"id":1081,"href":"https:\/\/onkoalianse.lv\/lv\/wp-json\/wp\/v2\/pages\/129\/revisions\/1081"}],"wp:attachment":[{"href":"https:\/\/onkoalianse.lv\/lv\/wp-json\/wp\/v2\/media?parent=129"}],"curies":[{"name":"wp","href":"https:\/\/api.w.org\/{rel}","templated":true}]}}