{"id":12,"date":"2021-12-04T11:21:35","date_gmt":"2021-12-04T11:21:35","guid":{"rendered":"https:\/\/onko.cancerequality.eu\/?page_id=12"},"modified":"2023-11-22T10:30:04","modified_gmt":"2023-11-22T07:30:04","slug":"vadiba","status":"publish","type":"page","link":"https:\/\/onkoalianse.lv\/lv\/vadiba\/","title":{"rendered":"Vad\u012bba"},"content":{"rendered":"","protected":false},"excerpt":{"rendered":"","protected":false},"author":1,"featured_media":0,"parent":0,"menu_order":32,"comment_status":"closed","ping_status":"closed","template":"","meta":{"inline_featured_image":false,"footnotes":""},"class_list":["post-12","page","type-page","status-publish","hentry"],"acf":{"vadiba":[{"image":"https:\/\/onkoalianse.lv\/wp-content\/uploads\/2023\/06\/Olga_Valcina.jpg","name":"Olga Valci\u0146a","position":"valdes locekle","description":"Melanomas pacientu atbalsta biedr\u012bba \u201cSoli priek\u0161\u0101 melanomai\u201d"},{"image":"https:\/\/onkoalianse.lv\/wp-content\/uploads\/2023\/05\/Edgars_Abolins_labots.jpg","name":"Edgars \u0100boli\u0146\u0161","position":"valdes loceklis","description":"V\u012brie\u0161u vesel\u012bbas kust\u012bba \u2013 fonds \u201cMovember Latvija\u201d"},{"image":"https:\/\/onkoalianse.lv\/wp-content\/uploads\/2023\/05\/Irina_Januma_FINAL.jpg","name":"Ir\u012bna Januma","position":"valdes locekle","description":"Latvijas sievie\u0161u \u2013 volontieru biedr\u012bba \u201cVita\u201d"},{"image":"https:\/\/onkoalianse.lv\/wp-content\/uploads\/2023\/05\/Harijs_Gals.png","name":"Harijs Gals","position":"valdes loceklis","description":"Plau\u0161u v\u0113\u017ea pacientu un tuvinieku biedr\u012bba"},{"image":"https:\/\/onkoalianse.lv\/wp-content\/uploads\/2023\/05\/Mik2_FINAL.jpg","name":"\u0112riks Mikel\u0161teins","position":"valdes loceklis","description":"Alianse v\u012brie\u0161u vesel\u012bbai \u201cDa\u017e\u0101das paaudzes par dz\u012bvi\u201d"},{"image":"https:\/\/onkoalianse.lv\/wp-content\/uploads\/2023\/05\/Zinta_Uskale.jpeg","name":"Zinta Uskale","position":"valdes locekle","description":"Labdar\u012bbas fonds kr\u016bts v\u0113\u017ea pacientu atbalstam \u201cRoz\u0101 vilciens\u201d"}],"paslept_virsrakstu":false},"yoast_head":"<!-- This site is optimized with the Yoast SEO plugin v20.12 - https:\/\/yoast.com\/wordpress\/plugins\/seo\/ -->\n<title>Vad\u012bba - Onkoalianse<\/title>\n<meta name=\"robots\" content=\"index, follow, max-snippet:-1, max-image-preview:large, max-video-preview:-1\" \/>\n<link rel=\"canonical\" href=\"https:\/\/onkoalianse.lv\/lv\/vadiba\/\" \/>\n<meta property=\"og:locale\" content=\"lv_LV\" \/>\n<meta property=\"og:type\" content=\"article\" \/>\n<meta property=\"og:title\" content=\"Vad\u012bba - Onkoalianse\" \/>\n<meta property=\"og:url\" content=\"https:\/\/onkoalianse.lv\/lv\/vadiba\/\" \/>\n<meta property=\"og:site_name\" content=\"Onkoalianse\" \/>\n<meta property=\"article:modified_time\" content=\"2023-11-22T07:30:04+00:00\" \/>\n<meta name=\"twitter:card\" content=\"summary_large_image\" \/>\n<script type=\"application\/ld+json\" class=\"yoast-schema-graph\">{\"@context\":\"https:\/\/schema.org\",\"@graph\":[{\"@type\":\"WebPage\",\"@id\":\"https:\/\/onkoalianse.lv\/lv\/vadiba\/\",\"url\":\"https:\/\/onkoalianse.lv\/lv\/vadiba\/\",\"name\":\"Vad\u012bba - Onkoalianse\",\"isPartOf\":{\"@id\":\"https:\/\/onkoalianse.lv\/lv\/#website\"},\"datePublished\":\"2021-12-04T11:21:35+00:00\",\"dateModified\":\"2023-11-22T07:30:04+00:00\",\"breadcrumb\":{\"@id\":\"https:\/\/onkoalianse.lv\/lv\/vadiba\/#breadcrumb\"},\"inLanguage\":\"lv-LV\",\"potentialAction\":[{\"@type\":\"ReadAction\",\"target\":[[\"https:\/\/onkoalianse.lv\/lv\/vadiba\/\"]]}]},{\"@type\":\"BreadcrumbList\",\"@id\":\"https:\/\/onkoalianse.lv\/lv\/vadiba\/#breadcrumb\",\"itemListElement\":[{\"@type\":\"ListItem\",\"position\":1,\"name\":\"Home\",\"item\":\"https:\/\/onkoalianse.lv\/lv\/\"},{\"@type\":\"ListItem\",\"position\":2,\"name\":\"Vad\u012bba\"}]},{\"@type\":\"WebSite\",\"@id\":\"https:\/\/onkoalianse.lv\/lv\/#website\",\"url\":\"https:\/\/onkoalianse.lv\/lv\/\",\"name\":\"Onkoalianse\",\"description\":\"Latvijas onkolo\u0123ijas pacientu organiz\u0101ciju apvien\u012bba\",\"potentialAction\":[{\"@type\":\"SearchAction\",\"target\":{\"@type\":\"EntryPoint\",\"urlTemplate\":\"https:\/\/onkoalianse.lv\/lv\/?s={search_term_string}\"},\"query-input\":\"required name=search_term_string\"}],\"inLanguage\":\"lv-LV\"}]}<\/script>\n<!-- \/ Yoast SEO plugin. -->","yoast_head_json":{"title":"Vad\u012bba - Onkoalianse","robots":{"index":"index","follow":"follow","max-snippet":"max-snippet:-1","max-image-preview":"max-image-preview:large","max-video-preview":"max-video-preview:-1"},"canonical":"https:\/\/onkoalianse.lv\/lv\/vadiba\/","og_locale":"lv_LV","og_type":"article","og_title":"Vad\u012bba - Onkoalianse","og_url":"https:\/\/onkoalianse.lv\/lv\/vadiba\/","og_site_name":"Onkoalianse","article_modified_time":"2023-11-22T07:30:04+00:00","twitter_card":"summary_large_image","schema":{"@context":"https:\/\/schema.org","@graph":[{"@type":"WebPage","@id":"https:\/\/onkoalianse.lv\/lv\/vadiba\/","url":"https:\/\/onkoalianse.lv\/lv\/vadiba\/","name":"Vad\u012bba - Onkoalianse","isPartOf":{"@id":"https:\/\/onkoalianse.lv\/lv\/#website"},"datePublished":"2021-12-04T11:21:35+00:00","dateModified":"2023-11-22T07:30:04+00:00","breadcrumb":{"@id":"https:\/\/onkoalianse.lv\/lv\/vadiba\/#breadcrumb"},"inLanguage":"lv-LV","potentialAction":[{"@type":"ReadAction","target":[["https:\/\/onkoalianse.lv\/lv\/vadiba\/"]]}]},{"@type":"BreadcrumbList","@id":"https:\/\/onkoalianse.lv\/lv\/vadiba\/#breadcrumb","itemListElement":[{"@type":"ListItem","position":1,"name":"Home","item":"https:\/\/onkoalianse.lv\/lv\/"},{"@type":"ListItem","position":2,"name":"Vad\u012bba"}]},{"@type":"WebSite","@id":"https:\/\/onkoalianse.lv\/lv\/#website","url":"https:\/\/onkoalianse.lv\/lv\/","name":"Onkoalianse","description":"Latvijas onkolo\u0123ijas pacientu organiz\u0101ciju apvien\u012bba","potentialAction":[{"@type":"SearchAction","target":{"@type":"EntryPoint","urlTemplate":"https:\/\/onkoalianse.lv\/lv\/?s={search_term_string}"},"query-input":"required name=search_term_string"}],"inLanguage":"lv-LV"}]}},"_links":{"self":[{"href":"https:\/\/onkoalianse.lv\/lv\/wp-json\/wp\/v2\/pages\/12","targetHints":{"allow":["GET"]}}],"collection":[{"href":"https:\/\/onkoalianse.lv\/lv\/wp-json\/wp\/v2\/pages"}],"about":[{"href":"https:\/\/onkoalianse.lv\/lv\/wp-json\/wp\/v2\/types\/page"}],"author":[{"embeddable":true,"href":"https:\/\/onkoalianse.lv\/lv\/wp-json\/wp\/v2\/users\/1"}],"replies":[{"embeddable":true,"href":"https:\/\/onkoalianse.lv\/lv\/wp-json\/wp\/v2\/comments?post=12"}],"version-history":[{"count":18,"href":"https:\/\/onkoalianse.lv\/lv\/wp-json\/wp\/v2\/pages\/12\/revisions"}],"predecessor-version":[{"id":1073,"href":"https:\/\/onkoalianse.lv\/lv\/wp-json\/wp\/v2\/pages\/12\/revisions\/1073"}],"wp:attachment":[{"href":"https:\/\/onkoalianse.lv\/lv\/wp-json\/wp\/v2\/media?parent=12"}],"curies":[{"name":"wp","href":"https:\/\/api.w.org\/{rel}","templated":true}]}}