{"id":10,"date":"2021-12-04T11:17:22","date_gmt":"2021-12-04T11:17:22","guid":{"rendered":"https:\/\/onko.cancerequality.eu\/?page_id=10"},"modified":"2023-11-17T17:29:29","modified_gmt":"2023-11-17T14:29:29","slug":"home","status":"publish","type":"page","link":"https:\/\/onkoalianse.lv\/lv\/","title":{"rendered":"S\u0101kums"},"content":{"rendered":"","protected":false},"excerpt":{"rendered":"","protected":false},"author":1,"featured_media":236,"parent":0,"menu_order":11,"comment_status":"closed","ping_status":"closed","template":"frontpage.php","meta":{"inline_featured_image":false,"footnotes":""},"class_list":["post-10","page","type-page","status-publish","has-post-thumbnail","hentry"],"acf":{"pogas":[{"nosaukums":"Kongress 2022","saite":"https:\/\/cancerequality.eu\/lv\/","atvert_jauna_loga":true}],"galvenais_attels":{"ID":861,"id":861,"title":"Baltic-Pictures-9823_crops","filename":"Baltic-Pictures-9823_crops.jpg","filesize":253149,"url":"https:\/\/onkoalianse.lv\/wp-content\/uploads\/2023\/05\/Baltic-Pictures-9823_crops.jpg","link":"https:\/\/onkoalianse.lv\/lv\/home\/baltic-pictures-9823_crops\/","alt":"","author":"1","description":"","caption":"","name":"baltic-pictures-9823_crops","status":"inherit","uploaded_to":10,"date":"2023-05-11 08:35:43","modified":"2023-05-11 08:35:43","menu_order":0,"mime_type":"image\/jpeg","type":"image","subtype":"jpeg","icon":"https:\/\/onkoalianse.lv\/wp-includes\/images\/media\/default.png","width":2000,"height":1018,"sizes":{"thumbnail":"https:\/\/onkoalianse.lv\/wp-content\/uploads\/2023\/05\/Baltic-Pictures-9823_crops-150x150.jpg","thumbnail-width":150,"thumbnail-height":150,"medium":"https:\/\/onkoalianse.lv\/wp-content\/uploads\/2023\/05\/Baltic-Pictures-9823_crops-300x153.jpg","medium-width":300,"medium-height":153,"medium_large":"https:\/\/onkoalianse.lv\/wp-content\/uploads\/2023\/05\/Baltic-Pictures-9823_crops.jpg","medium_large-width":768,"medium_large-height":391,"large":"https:\/\/onkoalianse.lv\/wp-content\/uploads\/2023\/05\/Baltic-Pictures-9823_crops-1024x521.jpg","large-width":1024,"large-height":521,"1536x1536":"https:\/\/onkoalianse.lv\/wp-content\/uploads\/2023\/05\/Baltic-Pictures-9823_crops.jpg","1536x1536-width":1536,"1536x1536-height":782,"2048x2048":"https:\/\/onkoalianse.lv\/wp-content\/uploads\/2023\/05\/Baltic-Pictures-9823_crops.jpg","2048x2048-width":2000,"2048x2048-height":1018}},"fona_attels":"https:\/\/onkoalianse.lv\/wp-content\/uploads\/2023\/05\/onko_bg.svg","citats":"<p><em>M\u0113s saprat\u0101m, ka ir darbi, kas j\u0101dara kop\u0101, jo tikai t\u0101 m\u0113s varam izdar\u012bt lab\u0101k un pan\u0101kt liel\u0101ku ieguvumu daudziem pacientiem vienlaikus. Organiz\u0101cij\u0101 nav nejau\u0161u cilv\u0113ku. Taj\u0101 piedal\u0101s tikai onkolo\u0123ijas pacienti vai pacientu tuvinieki.<\/em><\/p>\n<p style=\"text-align: right;\"><strong>Olga Valci\u0146a,<\/strong><br \/>\n\u201cOnkoalianses\u201d dibin\u0101t\u0101ja<\/p>\n","par_mums_-_virsraksts":"Par mums","par_mums_-_apraksts":"<p>\u201cOnkoalianse\u201d ir 2019. gad\u0101 dibin\u0101ta Latvijas onkolo\u0123ijas pacientu organiz\u0101ciju apvien\u012bba, kas apvieno da\u017e\u0101du v\u0113\u017ea veidu pacientu organiz\u0101cijas, \u012bstenojot m\u0113r\u0137tiec\u012bgu, uz pier\u0101d\u012bjumiem balst\u012btu pacientu intere\u0161u un ties\u012bbu aizst\u0101v\u012bbu.<\/p>\n","musu_vertibas_-_virsraksts":"M\u016bsu v\u0113rt\u012bbas","paslept_virsrakstu":false},"yoast_head":"<!-- This site is optimized with the Yoast SEO plugin v20.12 - https:\/\/yoast.com\/wordpress\/plugins\/seo\/ -->\n<title>S\u0101kums - Onkoalianse<\/title>\n<meta name=\"description\" content=\"Cancer Equality - European Oncology Patient Congress \u201cOn Equality in Beating Cancer\u201d\" \/>\n<meta name=\"robots\" content=\"index, follow, max-snippet:-1, max-image-preview:large, max-video-preview:-1\" \/>\n<link rel=\"canonical\" href=\"https:\/\/onkoalianse.lv\/lv\/\" \/>\n<meta property=\"og:locale\" content=\"lv_LV\" \/>\n<meta property=\"og:type\" content=\"article\" \/>\n<meta property=\"og:title\" content=\"S\u0101kums - Onkoalianse\" \/>\n<meta property=\"og:description\" content=\"Cancer Equality - European Oncology Patient Congress \u201cOn Equality in Beating Cancer\u201d\" \/>\n<meta property=\"og:url\" content=\"https:\/\/onkoalianse.lv\/lv\/\" \/>\n<meta property=\"og:site_name\" content=\"Onkoalianse\" \/>\n<meta property=\"article:modified_time\" content=\"2023-11-17T14:29:29+00:00\" \/>\n<meta property=\"og:image\" content=\"https:\/\/onkoalianse.lv\/wp-content\/uploads\/2022\/01\/onko_fb.jpg\" \/>\n\t<meta property=\"og:image:width\" content=\"1200\" \/>\n\t<meta property=\"og:image:height\" content=\"630\" \/>\n\t<meta property=\"og:image:type\" content=\"image\/jpeg\" \/>\n<meta name=\"twitter:card\" content=\"summary_large_image\" \/>\n<script type=\"application\/ld+json\" class=\"yoast-schema-graph\">{\"@context\":\"https:\/\/schema.org\",\"@graph\":[{\"@type\":\"WebPage\",\"@id\":\"https:\/\/onkoalianse.lv\/lv\/\",\"url\":\"https:\/\/onkoalianse.lv\/lv\/\",\"name\":\"S\u0101kums - Onkoalianse\",\"isPartOf\":{\"@id\":\"https:\/\/onkoalianse.lv\/lv\/#website\"},\"datePublished\":\"2021-12-04T11:17:22+00:00\",\"dateModified\":\"2023-11-17T14:29:29+00:00\",\"description\":\"Cancer Equality - European Oncology Patient Congress \u201cOn Equality in Beating Cancer\u201d\",\"breadcrumb\":{\"@id\":\"https:\/\/onkoalianse.lv\/lv\/#breadcrumb\"},\"inLanguage\":\"lv-LV\",\"potentialAction\":[{\"@type\":\"ReadAction\",\"target\":[[\"https:\/\/onkoalianse.lv\/lv\/\"]]}]},{\"@type\":\"BreadcrumbList\",\"@id\":\"https:\/\/onkoalianse.lv\/lv\/#breadcrumb\",\"itemListElement\":[{\"@type\":\"ListItem\",\"position\":1,\"name\":\"Home\",\"item\":\"https:\/\/onkoalianse.lv\/lv\/\"},{\"@type\":\"ListItem\",\"position\":2,\"name\":\"S\u0101kums\"}]},{\"@type\":\"WebSite\",\"@id\":\"https:\/\/onkoalianse.lv\/lv\/#website\",\"url\":\"https:\/\/onkoalianse.lv\/lv\/\",\"name\":\"Onkoalianse\",\"description\":\"Latvijas onkolo\u0123ijas pacientu organiz\u0101ciju apvien\u012bba\",\"potentialAction\":[{\"@type\":\"SearchAction\",\"target\":{\"@type\":\"EntryPoint\",\"urlTemplate\":\"https:\/\/onkoalianse.lv\/lv\/?s={search_term_string}\"},\"query-input\":\"required name=search_term_string\"}],\"inLanguage\":\"lv-LV\"}]}<\/script>\n<!-- \/ Yoast SEO plugin. -->","yoast_head_json":{"title":"S\u0101kums - Onkoalianse","description":"Cancer Equality - European Oncology Patient Congress \u201cOn Equality in Beating Cancer\u201d","robots":{"index":"index","follow":"follow","max-snippet":"max-snippet:-1","max-image-preview":"max-image-preview:large","max-video-preview":"max-video-preview:-1"},"canonical":"https:\/\/onkoalianse.lv\/lv\/","og_locale":"lv_LV","og_type":"article","og_title":"S\u0101kums - Onkoalianse","og_description":"Cancer Equality - European Oncology Patient Congress \u201cOn Equality in Beating Cancer\u201d","og_url":"https:\/\/onkoalianse.lv\/lv\/","og_site_name":"Onkoalianse","article_modified_time":"2023-11-17T14:29:29+00:00","og_image":[{"width":1200,"height":630,"url":"https:\/\/onkoalianse.lv\/wp-content\/uploads\/2022\/01\/onko_fb.jpg","type":"image\/jpeg"}],"twitter_card":"summary_large_image","schema":{"@context":"https:\/\/schema.org","@graph":[{"@type":"WebPage","@id":"https:\/\/onkoalianse.lv\/lv\/","url":"https:\/\/onkoalianse.lv\/lv\/","name":"S\u0101kums - Onkoalianse","isPartOf":{"@id":"https:\/\/onkoalianse.lv\/lv\/#website"},"datePublished":"2021-12-04T11:17:22+00:00","dateModified":"2023-11-17T14:29:29+00:00","description":"Cancer Equality - European Oncology Patient Congress \u201cOn Equality in Beating Cancer\u201d","breadcrumb":{"@id":"https:\/\/onkoalianse.lv\/lv\/#breadcrumb"},"inLanguage":"lv-LV","potentialAction":[{"@type":"ReadAction","target":[["https:\/\/onkoalianse.lv\/lv\/"]]}]},{"@type":"BreadcrumbList","@id":"https:\/\/onkoalianse.lv\/lv\/#breadcrumb","itemListElement":[{"@type":"ListItem","position":1,"name":"Home","item":"https:\/\/onkoalianse.lv\/lv\/"},{"@type":"ListItem","position":2,"name":"S\u0101kums"}]},{"@type":"WebSite","@id":"https:\/\/onkoalianse.lv\/lv\/#website","url":"https:\/\/onkoalianse.lv\/lv\/","name":"Onkoalianse","description":"Latvijas onkolo\u0123ijas pacientu organiz\u0101ciju apvien\u012bba","potentialAction":[{"@type":"SearchAction","target":{"@type":"EntryPoint","urlTemplate":"https:\/\/onkoalianse.lv\/lv\/?s={search_term_string}"},"query-input":"required name=search_term_string"}],"inLanguage":"lv-LV"}]}},"_links":{"self":[{"href":"https:\/\/onkoalianse.lv\/lv\/wp-json\/wp\/v2\/pages\/10","targetHints":{"allow":["GET"]}}],"collection":[{"href":"https:\/\/onkoalianse.lv\/lv\/wp-json\/wp\/v2\/pages"}],"about":[{"href":"https:\/\/onkoalianse.lv\/lv\/wp-json\/wp\/v2\/types\/page"}],"author":[{"embeddable":true,"href":"https:\/\/onkoalianse.lv\/lv\/wp-json\/wp\/v2\/users\/1"}],"replies":[{"embeddable":true,"href":"https:\/\/onkoalianse.lv\/lv\/wp-json\/wp\/v2\/comments?post=10"}],"version-history":[{"count":18,"href":"https:\/\/onkoalianse.lv\/lv\/wp-json\/wp\/v2\/pages\/10\/revisions"}],"predecessor-version":[{"id":1064,"href":"https:\/\/onkoalianse.lv\/lv\/wp-json\/wp\/v2\/pages\/10\/revisions\/1064"}],"wp:featuredmedia":[{"embeddable":true,"href":"https:\/\/onkoalianse.lv\/lv\/wp-json\/wp\/v2\/media\/236"}],"wp:attachment":[{"href":"https:\/\/onkoalianse.lv\/lv\/wp-json\/wp\/v2\/media?parent=10"}],"curies":[{"name":"wp","href":"https:\/\/api.w.org\/{rel}","templated":true}]}}