{"id":741,"date":"2023-04-22T09:41:08","date_gmt":"2023-04-22T06:41:08","guid":{"rendered":"https:\/\/onko.cancerequality.eu\/?page_id=741"},"modified":"2023-11-16T00:24:44","modified_gmt":"2023-11-15T21:24:44","slug":"publicitate","status":"publish","type":"page","link":"https:\/\/onkoalianse.lv\/en\/jaunumi\/publicitate\/","title":{"rendered":"Publicity"},"content":{"rendered":"","protected":false},"excerpt":{"rendered":"","protected":false},"author":1,"featured_media":0,"parent":748,"menu_order":3,"comment_status":"closed","ping_status":"closed","template":"","meta":{"inline_featured_image":false,"footnotes":""},"class_list":["post-741","page","type-page","status-publish","hentry"],"acf":{"publicitate":[{"nosaukums":"Akcij\u0101 #Laiks un v\u0113zis negaida aktualiz\u0113s l\u0113no progresu v\u0113\u017ea pacientu \u0101rst\u0113\u0161an\u0101","medijs":"Pazi\u0146ojums medijiem","datums":"14.11.2023.","saite":"https:\/\/onkoalianse.lv\/wp-content\/uploads\/2023\/11\/Akcija\u0304-Laiks-un-ve\u0304zis-negaida-aktualize\u0304s-le\u0304no-progresu-ve\u0304z\u030ca-pacientu-a\u0304rste\u0304s\u030cana\u0304.docx"},{"nosaukums":"K\u0101 mazin\u0101t mirst\u012bbu no v\u0113\u017ea Latvij\u0101?","medijs":"LTV1 \u201c\u0160odienas jaut\u0101jums\u201d","datums":"09.03.2023.","saite":"https:\/\/replay.lsm.lv\/lv\/ieraksts\/ltv\/288062\/sodienas-jautajums-ka-mazinat-mirstibu-no-veza-latvija?fbclid=IwAR39ANVlswcA-J82A6AhGTcp5alJR8DTCVlTQVvghMpznufxIm5sDlBur3M  "},{"nosaukums":"Viens nav c\u012bn\u012bt\u0101js: atbalsts un pal\u012bdz\u012bba v\u0113\u017ea pacientiem","medijs":"LR1 \u201cK\u0101 lab\u0101k dz\u012bvot\u201d","datums":"23.02.2023.","saite":"https:\/\/lr1.lsm.lv\/lv\/raksts\/ka-labak-dziivot\/viens-nav-cinitajs-atbalsts-un-palidziba-veza-pacientiem.a173198\/?fbclid=IwAR2awHsdJJy0z5MllZqzfu8gPVh9HWwHFwMoJ0hG8mPBs9HNLfQ_6bhp9H0"},{"nosaukums":"Liel\u0101 intervija: apvien\u012bbas \"Onkoalianse\" dibin\u0101t\u0101ja Olga Valci\u0146a","medijs":"LR1 \u201cKrustpunkt\u0101\u201d","datums":"17.02.2023.","saite":"https:\/\/lr1.lsm.lv\/lv\/raksts\/krustpunkta\/krustpunkta-liela-intervija-apvienibas-onkoalianse-dibinataja-ol.a172602\/?fbclid=IwAR0tj-lAu5ssBm_G40UNiVYHUUEazrGKJBSEfRshk8DbzsJnlGa0fLO_9Bc  "},{"nosaukums":"Aptauja: V\u0113\u017ea pacienti visvair\u0101k nov\u0113rt\u0113 l\u012bdzcilv\u0113ku psiholo\u0123isko atbalstu un pal\u012bdz\u012bbu ar transportu ","medijs":"","datums":"16.02.2023.","saite":"https:\/\/medicine.lv\/raksti\/aptauja-veza-pacienti-visvairak-noverte-lidzcilveku-psihologisko-atbalstu-un-palidzibu-ar-transportu?fbclid=IwAR2_vx3hlQvmsGpETr9LZjlUzEP8JriQ6dfMYp3PCij65aM5v6zJZJ7l3YY  "},{"nosaukums":"Intervija ar Onkoalianses valdes priek\u0161s\u0113d\u0101t\u0101ju Olgu Valci\u0146u.","medijs":"TV24 \u201cDienas person\u012bba kop\u0101 ar Veltu Puri\u0146u\u201d","datums":"02.12.2022.","saite":"https:\/\/xtv.lv\/rigatv24\/video\/mO7rQBX8NMK-ta_ir_ista_laimes_spele_olga_valcina_par_medikamentu_pieejamibu_onkologija "},{"nosaukums":"Olga Valci\u0146a: onkolo\u0123ij\u0101 pats galvenais ir izgl\u0101bt tos, kurus m\u0113s varam izgl\u0101bt","medijs":"Jauns.lv","datums":"16.06.2021.","saite":"https:\/\/jauns.lv\/raksts\/par-veselibu\/448377-olga-valcina-onkologija-pats-galvenais-ir-izglabt-tos-kurus-mes-varam-izglabt"}],"paslept_virsrakstu":false},"yoast_head":"<!-- This site is optimized with the Yoast SEO plugin v20.12 - https:\/\/yoast.com\/wordpress\/plugins\/seo\/ -->\n<title>Publicity - Onkoalianse<\/title>\n<meta name=\"robots\" content=\"index, follow, max-snippet:-1, max-image-preview:large, max-video-preview:-1\" \/>\n<link rel=\"canonical\" href=\"https:\/\/onkoalianse.lv\/en\/jaunumi\/publicitate\/\" \/>\n<meta property=\"og:locale\" content=\"en_US\" \/>\n<meta property=\"og:type\" content=\"article\" \/>\n<meta property=\"og:title\" content=\"Publicity - Onkoalianse\" \/>\n<meta property=\"og:url\" content=\"https:\/\/onkoalianse.lv\/en\/jaunumi\/publicitate\/\" \/>\n<meta property=\"og:site_name\" content=\"Onkoalianse\" \/>\n<meta property=\"article:modified_time\" content=\"2023-11-15T21:24:44+00:00\" \/>\n<meta name=\"twitter:card\" content=\"summary_large_image\" \/>\n<script type=\"application\/ld+json\" class=\"yoast-schema-graph\">{\"@context\":\"https:\/\/schema.org\",\"@graph\":[{\"@type\":\"WebPage\",\"@id\":\"https:\/\/onkoalianse.lv\/en\/jaunumi\/publicitate\/\",\"url\":\"https:\/\/onkoalianse.lv\/en\/jaunumi\/publicitate\/\",\"name\":\"Publicity - Onkoalianse\",\"isPartOf\":{\"@id\":\"https:\/\/onkoalianse.lv\/en\/#website\"},\"datePublished\":\"2023-04-22T06:41:08+00:00\",\"dateModified\":\"2023-11-15T21:24:44+00:00\",\"breadcrumb\":{\"@id\":\"https:\/\/onkoalianse.lv\/en\/jaunumi\/publicitate\/#breadcrumb\"},\"inLanguage\":\"en-US\",\"potentialAction\":[{\"@type\":\"ReadAction\",\"target\":[[\"https:\/\/onkoalianse.lv\/en\/jaunumi\/publicitate\/\"]]}]},{\"@type\":\"BreadcrumbList\",\"@id\":\"https:\/\/onkoalianse.lv\/en\/jaunumi\/publicitate\/#breadcrumb\",\"itemListElement\":[{\"@type\":\"ListItem\",\"position\":1,\"name\":\"Home\",\"item\":\"https:\/\/onkoalianse.lv\/en\/\"},{\"@type\":\"ListItem\",\"position\":2,\"name\":\"Jaunumi\",\"item\":\"https:\/\/onkoalianse.lv\/en\/jaunumi\/\"},{\"@type\":\"ListItem\",\"position\":3,\"name\":\"Publicit\u0101te\"}]},{\"@type\":\"WebSite\",\"@id\":\"https:\/\/onkoalianse.lv\/en\/#website\",\"url\":\"https:\/\/onkoalianse.lv\/en\/\",\"name\":\"Onkoalianse\",\"description\":\"Latvijas onkolo\u0123ijas pacientu organiz\u0101ciju apvien\u012bba\",\"potentialAction\":[{\"@type\":\"SearchAction\",\"target\":{\"@type\":\"EntryPoint\",\"urlTemplate\":\"https:\/\/onkoalianse.lv\/en\/?s={search_term_string}\"},\"query-input\":\"required name=search_term_string\"}],\"inLanguage\":\"en-US\"}]}<\/script>\n<!-- \/ Yoast SEO plugin. -->","yoast_head_json":{"title":"Publicity - Onkoalianse","robots":{"index":"index","follow":"follow","max-snippet":"max-snippet:-1","max-image-preview":"max-image-preview:large","max-video-preview":"max-video-preview:-1"},"canonical":"https:\/\/onkoalianse.lv\/en\/jaunumi\/publicitate\/","og_locale":"en_US","og_type":"article","og_title":"Publicity - Onkoalianse","og_url":"https:\/\/onkoalianse.lv\/en\/jaunumi\/publicitate\/","og_site_name":"Onkoalianse","article_modified_time":"2023-11-15T21:24:44+00:00","twitter_card":"summary_large_image","schema":{"@context":"https:\/\/schema.org","@graph":[{"@type":"WebPage","@id":"https:\/\/onkoalianse.lv\/en\/jaunumi\/publicitate\/","url":"https:\/\/onkoalianse.lv\/en\/jaunumi\/publicitate\/","name":"Publicity - Onkoalianse","isPartOf":{"@id":"https:\/\/onkoalianse.lv\/en\/#website"},"datePublished":"2023-04-22T06:41:08+00:00","dateModified":"2023-11-15T21:24:44+00:00","breadcrumb":{"@id":"https:\/\/onkoalianse.lv\/en\/jaunumi\/publicitate\/#breadcrumb"},"inLanguage":"en-US","potentialAction":[{"@type":"ReadAction","target":[["https:\/\/onkoalianse.lv\/en\/jaunumi\/publicitate\/"]]}]},{"@type":"BreadcrumbList","@id":"https:\/\/onkoalianse.lv\/en\/jaunumi\/publicitate\/#breadcrumb","itemListElement":[{"@type":"ListItem","position":1,"name":"Home","item":"https:\/\/onkoalianse.lv\/en\/"},{"@type":"ListItem","position":2,"name":"Jaunumi","item":"https:\/\/onkoalianse.lv\/en\/jaunumi\/"},{"@type":"ListItem","position":3,"name":"Publicit\u0101te"}]},{"@type":"WebSite","@id":"https:\/\/onkoalianse.lv\/en\/#website","url":"https:\/\/onkoalianse.lv\/en\/","name":"Onkoalianse","description":"Latvijas onkolo\u0123ijas pacientu organiz\u0101ciju apvien\u012bba","potentialAction":[{"@type":"SearchAction","target":{"@type":"EntryPoint","urlTemplate":"https:\/\/onkoalianse.lv\/en\/?s={search_term_string}"},"query-input":"required name=search_term_string"}],"inLanguage":"en-US"}]}},"_links":{"self":[{"href":"https:\/\/onkoalianse.lv\/en\/wp-json\/wp\/v2\/pages\/741","targetHints":{"allow":["GET"]}}],"collection":[{"href":"https:\/\/onkoalianse.lv\/en\/wp-json\/wp\/v2\/pages"}],"about":[{"href":"https:\/\/onkoalianse.lv\/en\/wp-json\/wp\/v2\/types\/page"}],"author":[{"embeddable":true,"href":"https:\/\/onkoalianse.lv\/en\/wp-json\/wp\/v2\/users\/1"}],"replies":[{"embeddable":true,"href":"https:\/\/onkoalianse.lv\/en\/wp-json\/wp\/v2\/comments?post=741"}],"version-history":[{"count":8,"href":"https:\/\/onkoalianse.lv\/en\/wp-json\/wp\/v2\/pages\/741\/revisions"}],"predecessor-version":[{"id":1033,"href":"https:\/\/onkoalianse.lv\/en\/wp-json\/wp\/v2\/pages\/741\/revisions\/1033"}],"up":[{"embeddable":true,"href":"https:\/\/onkoalianse.lv\/en\/wp-json\/wp\/v2\/pages\/748"}],"wp:attachment":[{"href":"https:\/\/onkoalianse.lv\/en\/wp-json\/wp\/v2\/media?parent=741"}],"curies":[{"name":"wp","href":"https:\/\/api.w.org\/{rel}","templated":true}]}}