{"id":674,"date":"2023-04-17T10:00:08","date_gmt":"2023-04-17T10:00:08","guid":{"rendered":"https:\/\/onko.cancerequality.eu\/?page_id=674"},"modified":"2023-08-01T16:43:41","modified_gmt":"2023-08-01T13:43:41","slug":"misija-un-vertibas","status":"publish","type":"page","link":"https:\/\/onkoalianse.lv\/en\/misija-un-vertibas\/","title":{"rendered":"Mission and Values"},"content":{"rendered":"","protected":false},"excerpt":{"rendered":"","protected":false},"author":1,"featured_media":0,"parent":0,"menu_order":29,"comment_status":"closed","ping_status":"closed","template":"","meta":{"inline_featured_image":false,"footnotes":""},"class_list":["post-674","page","type-page","status-publish","hentry"],"acf":{"vertibas":[{"ikona":"https:\/\/onkoalianse.lv\/wp-content\/uploads\/2023\/05\/VERTIBAS_Centra-pacients-1.svg","virsraksts":"Patient - centred approach","apraksts_-_iss":"<p>The patient always comes first. We do everything to ensure that the patient is respected throughout the entire course of the disease \u2013 receiving proper attention and necessary information, as well as appropriate treatment and support.<\/p>\n","apraksts_-_gars":"<p>The patient always comes first. We do everything to ensure that the patient is respected throughout the entire course of the disease \u2013 receiving proper attention and necessary information, as well as appropriate treatment and support, helping to recover, prolong life and prevent premature death, getting the needed rehabilitation or unlimited palliative care.<\/p>\n"},{"ikona":"https:\/\/onkoalianse.lv\/wp-content\/uploads\/2023\/05\/VERTIBAS_Zinatniska-pieeja-1.svg","virsraksts":"Science in everything","apraksts_-_iss":"<p>We base our activities on evidence-based facts and data. This means the use of scientific and research data, reliable and credible information sources.<\/p>\n","apraksts_-_gars":"<p>We base our activities on evidence-based facts and data. This means the use of scientific and research data, reliable and credible information sources, and information from recognized international professional organizations in the patients&#8217; advocacy and education.<\/p>\n"},{"ikona":"https:\/\/onkoalianse.lv\/wp-content\/uploads\/2023\/05\/VERTIBAS_Lidztiesiba-1.svg","virsraksts":"Equality","apraksts_-_iss":"<p>All oncology patients, regardless of tumour localization and stage, must have equal access to both diagnostics and modern therapy, rehabilitation, and other care solutions.<\/p>\n","apraksts_-_gars":"<p>All oncology patients, regardless of tumour localization and stage, must have equal access to both diagnostics and modern therapy, rehabilitation, and other care solutions.<\/p>\n"}],"misija_-_virsraksts":"Mission","misija_-_teksts":"<p>The mission of the Association of Latvian oncology patient organizations &#8220;Oncoalianse&#8221; is to unite and coordinate oncology patient advocacy organizations, representing the interests and rights of oncology patients at the national and international level.<\/p>\n","vertibas_-_virsraksts":"Values","paslept_virsrakstu":true},"yoast_head":"<!-- This site is optimized with the Yoast SEO plugin v20.12 - https:\/\/yoast.com\/wordpress\/plugins\/seo\/ -->\n<title>Mission and Values - Onkoalianse<\/title>\n<meta name=\"robots\" content=\"index, follow, max-snippet:-1, max-image-preview:large, max-video-preview:-1\" \/>\n<link rel=\"canonical\" href=\"https:\/\/onkoalianse.lv\/en\/misija-un-vertibas\/\" \/>\n<meta property=\"og:locale\" content=\"en_US\" \/>\n<meta property=\"og:type\" content=\"article\" \/>\n<meta property=\"og:title\" content=\"Mission and Values - Onkoalianse\" \/>\n<meta property=\"og:url\" content=\"https:\/\/onkoalianse.lv\/en\/misija-un-vertibas\/\" \/>\n<meta property=\"og:site_name\" content=\"Onkoalianse\" \/>\n<meta property=\"article:modified_time\" content=\"2023-08-01T13:43:41+00:00\" \/>\n<meta name=\"twitter:card\" content=\"summary_large_image\" \/>\n<script type=\"application\/ld+json\" class=\"yoast-schema-graph\">{\"@context\":\"https:\/\/schema.org\",\"@graph\":[{\"@type\":\"WebPage\",\"@id\":\"https:\/\/onkoalianse.lv\/en\/misija-un-vertibas\/\",\"url\":\"https:\/\/onkoalianse.lv\/en\/misija-un-vertibas\/\",\"name\":\"Mission and Values - Onkoalianse\",\"isPartOf\":{\"@id\":\"https:\/\/onkoalianse.lv\/en\/#website\"},\"datePublished\":\"2023-04-17T10:00:08+00:00\",\"dateModified\":\"2023-08-01T13:43:41+00:00\",\"breadcrumb\":{\"@id\":\"https:\/\/onkoalianse.lv\/en\/misija-un-vertibas\/#breadcrumb\"},\"inLanguage\":\"en-US\",\"potentialAction\":[{\"@type\":\"ReadAction\",\"target\":[[\"https:\/\/onkoalianse.lv\/en\/misija-un-vertibas\/\"]]}]},{\"@type\":\"BreadcrumbList\",\"@id\":\"https:\/\/onkoalianse.lv\/en\/misija-un-vertibas\/#breadcrumb\",\"itemListElement\":[{\"@type\":\"ListItem\",\"position\":1,\"name\":\"Home\",\"item\":\"https:\/\/onkoalianse.lv\/en\/\"},{\"@type\":\"ListItem\",\"position\":2,\"name\":\"Misija un v\u0113rt\u012bbas\"}]},{\"@type\":\"WebSite\",\"@id\":\"https:\/\/onkoalianse.lv\/en\/#website\",\"url\":\"https:\/\/onkoalianse.lv\/en\/\",\"name\":\"Onkoalianse\",\"description\":\"Latvijas onkolo\u0123ijas pacientu organiz\u0101ciju apvien\u012bba\",\"potentialAction\":[{\"@type\":\"SearchAction\",\"target\":{\"@type\":\"EntryPoint\",\"urlTemplate\":\"https:\/\/onkoalianse.lv\/en\/?s={search_term_string}\"},\"query-input\":\"required name=search_term_string\"}],\"inLanguage\":\"en-US\"}]}<\/script>\n<!-- \/ Yoast SEO plugin. -->","yoast_head_json":{"title":"Mission and Values - Onkoalianse","robots":{"index":"index","follow":"follow","max-snippet":"max-snippet:-1","max-image-preview":"max-image-preview:large","max-video-preview":"max-video-preview:-1"},"canonical":"https:\/\/onkoalianse.lv\/en\/misija-un-vertibas\/","og_locale":"en_US","og_type":"article","og_title":"Mission and Values - Onkoalianse","og_url":"https:\/\/onkoalianse.lv\/en\/misija-un-vertibas\/","og_site_name":"Onkoalianse","article_modified_time":"2023-08-01T13:43:41+00:00","twitter_card":"summary_large_image","schema":{"@context":"https:\/\/schema.org","@graph":[{"@type":"WebPage","@id":"https:\/\/onkoalianse.lv\/en\/misija-un-vertibas\/","url":"https:\/\/onkoalianse.lv\/en\/misija-un-vertibas\/","name":"Mission and Values - Onkoalianse","isPartOf":{"@id":"https:\/\/onkoalianse.lv\/en\/#website"},"datePublished":"2023-04-17T10:00:08+00:00","dateModified":"2023-08-01T13:43:41+00:00","breadcrumb":{"@id":"https:\/\/onkoalianse.lv\/en\/misija-un-vertibas\/#breadcrumb"},"inLanguage":"en-US","potentialAction":[{"@type":"ReadAction","target":[["https:\/\/onkoalianse.lv\/en\/misija-un-vertibas\/"]]}]},{"@type":"BreadcrumbList","@id":"https:\/\/onkoalianse.lv\/en\/misija-un-vertibas\/#breadcrumb","itemListElement":[{"@type":"ListItem","position":1,"name":"Home","item":"https:\/\/onkoalianse.lv\/en\/"},{"@type":"ListItem","position":2,"name":"Misija un v\u0113rt\u012bbas"}]},{"@type":"WebSite","@id":"https:\/\/onkoalianse.lv\/en\/#website","url":"https:\/\/onkoalianse.lv\/en\/","name":"Onkoalianse","description":"Latvijas onkolo\u0123ijas pacientu organiz\u0101ciju apvien\u012bba","potentialAction":[{"@type":"SearchAction","target":{"@type":"EntryPoint","urlTemplate":"https:\/\/onkoalianse.lv\/en\/?s={search_term_string}"},"query-input":"required name=search_term_string"}],"inLanguage":"en-US"}]}},"_links":{"self":[{"href":"https:\/\/onkoalianse.lv\/en\/wp-json\/wp\/v2\/pages\/674","targetHints":{"allow":["GET"]}}],"collection":[{"href":"https:\/\/onkoalianse.lv\/en\/wp-json\/wp\/v2\/pages"}],"about":[{"href":"https:\/\/onkoalianse.lv\/en\/wp-json\/wp\/v2\/types\/page"}],"author":[{"embeddable":true,"href":"https:\/\/onkoalianse.lv\/en\/wp-json\/wp\/v2\/users\/1"}],"replies":[{"embeddable":true,"href":"https:\/\/onkoalianse.lv\/en\/wp-json\/wp\/v2\/comments?post=674"}],"version-history":[{"count":17,"href":"https:\/\/onkoalianse.lv\/en\/wp-json\/wp\/v2\/pages\/674\/revisions"}],"predecessor-version":[{"id":994,"href":"https:\/\/onkoalianse.lv\/en\/wp-json\/wp\/v2\/pages\/674\/revisions\/994"}],"wp:attachment":[{"href":"https:\/\/onkoalianse.lv\/en\/wp-json\/wp\/v2\/media?parent=674"}],"curies":[{"name":"wp","href":"https:\/\/api.w.org\/{rel}","templated":true}]}}