{"id":129,"date":"2021-12-09T14:06:08","date_gmt":"2021-12-09T14:06:08","guid":{"rendered":"https:\/\/onko.cancerequality.eu\/?page_id=129"},"modified":"2024-01-11T18:22:13","modified_gmt":"2024-01-11T15:22:13","slug":"daliborganizacijas","status":"publish","type":"page","link":"https:\/\/onkoalianse.lv\/en\/daliborganizacijas\/","title":{"rendered":"Member organizations"},"content":{"rendered":"","protected":false},"excerpt":{"rendered":"","protected":false},"author":1,"featured_media":0,"parent":0,"menu_order":31,"comment_status":"closed","ping_status":"closed","template":"","meta":{"inline_featured_image":false,"footnotes":""},"class_list":["post-129","page","type-page","status-publish","hentry"],"acf":{"organizations":[{"title":"Men's Health Movement - \"Movember Latvia\" Foundation","logo":"https:\/\/onkoalianse.lv\/wp-content\/uploads\/2023\/05\/Movember_Latvia.png","description":"<p>Prostate Cancer Patient Advocacy network, funded in 2015. Within the organization also operates a men&#8217;s group, which organizes activities of various types and contents to draw public attention to men&#8217;s health. The group organizes discussions for prostate cancer patients and doctors, public events during hockey and floorball games, educational lectures about the importance of sports in oncology and proper care of prostate health, etc. Prostate cancer support group is made up of people who have recently been diagnosed or have overcome the disease.<\/p>\n<p>Contacts: <a href=\"mailto:abolins56@gmail.com\">abolins56@gmail.com<\/a> \u00a0; +371 29 263 979<\/p>\n","link":"https:\/\/www.movemberlatvija.lv\/blogs\/"},{"title":"Melanomas pacientu atbalsta biedr\u012bba \u201cSoli priek\u0161\u0101 melanomai\u201d","logo":"https:\/\/onkoalianse.lv\/wp-content\/uploads\/2023\/05\/Melanoma_1.png","description":"<p>Melanoma Patient Network \u201cA step ahead of melanoma\u201d was founded in 2019 with the aim of implementing evidence-based advocacy of the melanoma patients\u2019 rights and interests, as well as educational work.<\/p>\n<p>Contacts: <a href=\"mailto:biedriba@soliprieksamelanomai.lv\">biedriba@soliprieksamelanomai.lv<\/a> \u00a0; + 371 29 164 882, + 371 20 058 506<\/p>\n","link":"https:\/\/soliprieksamelanomai.lv\/"},{"title":"Labdar\u012bbas fonds kr\u016bts v\u0113\u017ea pacientu atbalstam \u201cRoz\u0101 vilciens\u201d","logo":"https:\/\/onkoalianse.lv\/wp-content\/uploads\/2023\/05\/Roza_vilciens-1.png","description":"<p>The main goal of the Pink Train Charity Foundation, founded in 2014, is to help women diagnosed with breast cancer receive modern support: individual consultations with a psychologist or psychotherapist, and classes with a physiotherapist. The foundation&#8217;s goals also include promoting the exchange of experience between hospital staff and specialists who work with breast cancer patients, as well as issuing informative materials for women affected by breast cancer.<\/p>\n<p>Contacts: <a href=\"mailto:rozavilciens@gmail.com\">rozavilciens@gmail.com<\/a> \u00a0; +371 26 338 398<\/p>\n","link":"https:\/\/rozavilciens.mozello.lv\/"},{"title":"Latvijas sievie\u0161u-volontieru biedr\u012bba \u201cVITA\u201d","logo":"https:\/\/onkoalianse.lv\/wp-content\/uploads\/2023\/05\/Biedriba_Vita-1.png","description":"<p>Founded in 1993, the association supports, unites, and educates breast cancer patients using <em>the peer-to-peer<\/em> principle.<\/p>\n<p>Traditional monthly lectures organized by the association on the third Wednesday of every month at 3.00 p.m. and held at the Latvian Oncology Centre since 1993, now takes place on the internet \u2013 on the Facebook account and YouTube channel of the association &#8220;Vita&#8221;.<\/p>\n<p>The educational series of six video-seminars &#8220;Getting ahead of cancer with health literacy!&#8221; could be seen in the <a href=\"https:\/\/www.youtube.com\/@biedribavita\/videos\">VIDEO GALLERY.<\/a><\/p>\n<p>Contacts: +371 29 462810, <a href=\"mailto:info@biedribavita.lv\">info@biedribavita.lv<\/a> , <a href=\"mailto:irina.januma@biedribavita.lv\">irina.januma@biedribavita.lv<\/a><\/p>\n","link":"https:\/\/www.biedribavita.lv\/"},{"title":"Plau\u0161u v\u0113\u017ea pacientu un tuvinieku biedr\u012bba","logo":"https:\/\/onkoalianse.lv\/wp-content\/uploads\/2023\/05\/Plausu_veza_biedriba-1.png","description":"<p>Founded in 2018, the Association unites lung cancer patients and people whose families have been affected by lung cancer. The goals of the Association are to foster the early detection of lung cancer, to educate the public about the risks of lung cancer, to contribute to the improvement of Latvia&#8217;s health care and social system with respect of lung cancer. The Association aims to represent and express the opinion of patients in various types of public commissions, participate in decision-making and adoption processes related to lung cancer, its care and diagnostics, as well as to actively cooperate with other health and social non-governmental organizations in order to promote the health sector and welfare policies improvement, the availability of modern and effective lung cancer treatment, actualize the need for access to personalized treatment and diagnostics for lung cancer patients.<\/p>\n<p>Contacts: + 37129 242 706, <a href=\"mailto:harijs@bit.lv\">harijs@bit.lv<\/a><\/p>\n","link":""},{"title":"Zarnu v\u0113\u017ea pacientu biedr\u012bba \u201cEuropaColon Latvia\"","logo":"https:\/\/onkoalianse.lv\/wp-content\/uploads\/2023\/05\/Europa_colon-1.png","description":"<p>The organization is formed by Latvian colorectal cancer patients. The organization was founded on August 24, 2012, and is part of an international network that advocates the rights of colorectal cancer patients in 21 countries. The goal of the organization is to achieve significant improvements in order to stop the dramatic increase in the incidence of colorectal cancer in Latvia.<\/p>\n<p>Contacts: +37126305033, <a href=\"mailto:biedriba@europacolon-latvia.lv\">biedriba@europacolon-latvia.lv<\/a><\/p>\n","link":"http:\/\/www.europacolon-latvia.lv\/lv"},{"title":"Alianse v\u012brie\u0161u vesel\u012bbai \u201cDa\u017e\u0101das paaudzes par dz\u012bvi\u201d","logo":"https:\/\/onkoalianse.lv\/wp-content\/uploads\/2023\/05\/Dazadas_paaudzes_par_dzivi-1.png","description":"<p>Founded in 2018, the Alliance unites several organizations: Telpav\u012briem.lv, the emotional health support society &#8220;Saulesz\u012bme&#8221;, the men&#8217;s health movement &#8211; foundation &#8220;Movember Latvija\u201d, associations \u201cDa\u017e\u0101das paaudzes par dz\u012bvi\u201d and \u201cV\u012bri sasniedz maksimumu\u201d, as well as the knowledge room &#8221; Zikur\u0101ts\u201d. The Alliance focuses on national level issues that affect men&#8217;s physical and mental health and along with it \u2013 on the preservation and promotion of the well-being of whole society. The Alliance calls for greater attention to the timely prevention of various diseases, including various tumours, such as prostate cancer.<\/p>\n<p>Contacts: <a href=\"mailto:dppd.biedriba@inbox.lv\">dppd.biedriba@inbox.lv<\/a><\/p>\n","link":""},{"title":"Biedr\u012bba \u201cPar dz\u012bvot\u201d","logo":"https:\/\/onkoalianse.lv\/wp-content\/uploads\/2023\/05\/Par_dzivot_iesutitais.png","description":"<p>Unites patients with different oncological diagnoses. Motto: &#8220;Together \u2013 it\u2019s easier, together \u2013 that\u2019s strength!&#8221; Members are provided with continuous 24\/7 mutual informational and psychological assistance to experience the treatment as easily and efficiently as possible, to ensure long-term remission and to restore the quality of life after treatment.<\/p>\n<p>Activities of the association: lectures, meetings with experts, publications; promotion of a healthy lifestyle (preventive and psychological measures); art therapy, psychological support, etc.<\/p>\n<p>Contacts: +37120666726; <a href=\"mailto:onkogruppa@gmail.com\">onkogruppa@gmail.com<\/a>;<br \/>\nFB: <a href=\"https:\/\/www.facebook.com\/gruppaonko\" target=\"_blank\" rel=\"noopener\">Par Dz\u012bvot\/\u041f\u0440\u043e \u0416\u0438\u0442\u044c<\/a><br \/>\nIG:<a href=\"https:\/\/www.instagram.com\/pardzivot\/\" target=\"_blank\" rel=\"noopener\">@pardzivot<\/a><\/p>\n","link":"https:\/\/pardzivot.lv\/"}],"paslept_virsrakstu":false,"vadiba":[{"image":"https:\/\/onkoalianse.lv\/wp-content\/uploads\/2023\/06\/Evita_Zalite_Grosa.jpg","name":"EVITA Z\u0100L\u012aTE - GROSA","position":"","description":"I was diagnosed with colorectal cancer more than ten years ago and successfully treated due to its early stage. I am alive and I consider it my duty to do everything to take care of my health and help others to do the same. Hospice and palliative care in Latvia have been priorities of my work already for several years."},{"image":"https:\/\/onkoalianse.lv\/wp-content\/uploads\/2023\/05\/Baiba-Purina_labots.png","name":"BAIBA PURI\u0145A","position":"","description":"I support women's health, namely, policies that provide access to innovative treatments and the latest medical innovations. I advocate for the life-saving treatment for all patients who need it."},{"image":"https:\/\/onkoalianse.lv\/wp-content\/uploads\/2024\/01\/Lasma_Nikolaisone_s.jpg","name":"L\u0100SMA NIKOLAISONE","position":"","description":"My priorities in representing cancer patients\u2019 interests are the availability and quality of multidisciplinary treatment and care both during and after the treatment. I am also interested in educational issues: facilitating the cancer screening attendance in society, reducing the cancer stigma, promoting health literacy and health awareness in all age groups, because colorectal cancer is not only a disease of seniors."},{"image":"https:\/\/onkoalianse.lv\/wp-content\/uploads\/2023\/05\/Agnese_Apse_labots.jpg","name":"AGNESE APSE","position":"","description":"Priority \u2013 advocacy of rights and interests of onco-gynaecological patients, quality of treatment in accordance with ESMO guidelines."}],"secondary_title":"Several oncological patients have joined \"Oncoalliance\" on individual basis:","title":"The following member organizations have united in \"Onkoalianse\":"},"yoast_head":"<!-- This site is optimized with the Yoast SEO plugin v20.12 - https:\/\/yoast.com\/wordpress\/plugins\/seo\/ -->\n<title>Member organizations - Onkoalianse<\/title>\n<meta name=\"robots\" content=\"index, follow, max-snippet:-1, max-image-preview:large, max-video-preview:-1\" \/>\n<link rel=\"canonical\" href=\"https:\/\/onkoalianse.lv\/en\/daliborganizacijas\/\" \/>\n<meta property=\"og:locale\" content=\"en_US\" \/>\n<meta property=\"og:type\" content=\"article\" \/>\n<meta property=\"og:title\" content=\"Member organizations - Onkoalianse\" \/>\n<meta property=\"og:url\" content=\"https:\/\/onkoalianse.lv\/en\/daliborganizacijas\/\" \/>\n<meta property=\"og:site_name\" content=\"Onkoalianse\" \/>\n<meta property=\"article:modified_time\" content=\"2024-01-11T15:22:13+00:00\" \/>\n<meta name=\"twitter:card\" content=\"summary_large_image\" \/>\n<script type=\"application\/ld+json\" class=\"yoast-schema-graph\">{\"@context\":\"https:\/\/schema.org\",\"@graph\":[{\"@type\":\"WebPage\",\"@id\":\"https:\/\/onkoalianse.lv\/en\/daliborganizacijas\/\",\"url\":\"https:\/\/onkoalianse.lv\/en\/daliborganizacijas\/\",\"name\":\"Member organizations - Onkoalianse\",\"isPartOf\":{\"@id\":\"https:\/\/onkoalianse.lv\/en\/#website\"},\"datePublished\":\"2021-12-09T14:06:08+00:00\",\"dateModified\":\"2024-01-11T15:22:13+00:00\",\"breadcrumb\":{\"@id\":\"https:\/\/onkoalianse.lv\/en\/daliborganizacijas\/#breadcrumb\"},\"inLanguage\":\"en-US\",\"potentialAction\":[{\"@type\":\"ReadAction\",\"target\":[[\"https:\/\/onkoalianse.lv\/en\/daliborganizacijas\/\"]]}]},{\"@type\":\"BreadcrumbList\",\"@id\":\"https:\/\/onkoalianse.lv\/en\/daliborganizacijas\/#breadcrumb\",\"itemListElement\":[{\"@type\":\"ListItem\",\"position\":1,\"name\":\"Home\",\"item\":\"https:\/\/onkoalianse.lv\/en\/\"},{\"@type\":\"ListItem\",\"position\":2,\"name\":\"Dal\u012bborganiz\u0101cijas\"}]},{\"@type\":\"WebSite\",\"@id\":\"https:\/\/onkoalianse.lv\/en\/#website\",\"url\":\"https:\/\/onkoalianse.lv\/en\/\",\"name\":\"Onkoalianse\",\"description\":\"Latvijas onkolo\u0123ijas pacientu organiz\u0101ciju apvien\u012bba\",\"potentialAction\":[{\"@type\":\"SearchAction\",\"target\":{\"@type\":\"EntryPoint\",\"urlTemplate\":\"https:\/\/onkoalianse.lv\/en\/?s={search_term_string}\"},\"query-input\":\"required name=search_term_string\"}],\"inLanguage\":\"en-US\"}]}<\/script>\n<!-- \/ Yoast SEO plugin. -->","yoast_head_json":{"title":"Member organizations - Onkoalianse","robots":{"index":"index","follow":"follow","max-snippet":"max-snippet:-1","max-image-preview":"max-image-preview:large","max-video-preview":"max-video-preview:-1"},"canonical":"https:\/\/onkoalianse.lv\/en\/daliborganizacijas\/","og_locale":"en_US","og_type":"article","og_title":"Member organizations - Onkoalianse","og_url":"https:\/\/onkoalianse.lv\/en\/daliborganizacijas\/","og_site_name":"Onkoalianse","article_modified_time":"2024-01-11T15:22:13+00:00","twitter_card":"summary_large_image","schema":{"@context":"https:\/\/schema.org","@graph":[{"@type":"WebPage","@id":"https:\/\/onkoalianse.lv\/en\/daliborganizacijas\/","url":"https:\/\/onkoalianse.lv\/en\/daliborganizacijas\/","name":"Member organizations - Onkoalianse","isPartOf":{"@id":"https:\/\/onkoalianse.lv\/en\/#website"},"datePublished":"2021-12-09T14:06:08+00:00","dateModified":"2024-01-11T15:22:13+00:00","breadcrumb":{"@id":"https:\/\/onkoalianse.lv\/en\/daliborganizacijas\/#breadcrumb"},"inLanguage":"en-US","potentialAction":[{"@type":"ReadAction","target":[["https:\/\/onkoalianse.lv\/en\/daliborganizacijas\/"]]}]},{"@type":"BreadcrumbList","@id":"https:\/\/onkoalianse.lv\/en\/daliborganizacijas\/#breadcrumb","itemListElement":[{"@type":"ListItem","position":1,"name":"Home","item":"https:\/\/onkoalianse.lv\/en\/"},{"@type":"ListItem","position":2,"name":"Dal\u012bborganiz\u0101cijas"}]},{"@type":"WebSite","@id":"https:\/\/onkoalianse.lv\/en\/#website","url":"https:\/\/onkoalianse.lv\/en\/","name":"Onkoalianse","description":"Latvijas onkolo\u0123ijas pacientu organiz\u0101ciju apvien\u012bba","potentialAction":[{"@type":"SearchAction","target":{"@type":"EntryPoint","urlTemplate":"https:\/\/onkoalianse.lv\/en\/?s={search_term_string}"},"query-input":"required name=search_term_string"}],"inLanguage":"en-US"}]}},"_links":{"self":[{"href":"https:\/\/onkoalianse.lv\/en\/wp-json\/wp\/v2\/pages\/129","targetHints":{"allow":["GET"]}}],"collection":[{"href":"https:\/\/onkoalianse.lv\/en\/wp-json\/wp\/v2\/pages"}],"about":[{"href":"https:\/\/onkoalianse.lv\/en\/wp-json\/wp\/v2\/types\/page"}],"author":[{"embeddable":true,"href":"https:\/\/onkoalianse.lv\/en\/wp-json\/wp\/v2\/users\/1"}],"replies":[{"embeddable":true,"href":"https:\/\/onkoalianse.lv\/en\/wp-json\/wp\/v2\/comments?post=129"}],"version-history":[{"count":31,"href":"https:\/\/onkoalianse.lv\/en\/wp-json\/wp\/v2\/pages\/129\/revisions"}],"predecessor-version":[{"id":1081,"href":"https:\/\/onkoalianse.lv\/en\/wp-json\/wp\/v2\/pages\/129\/revisions\/1081"}],"wp:attachment":[{"href":"https:\/\/onkoalianse.lv\/en\/wp-json\/wp\/v2\/media?parent=129"}],"curies":[{"name":"wp","href":"https:\/\/api.w.org\/{rel}","templated":true}]}}