{"id":12,"date":"2021-12-04T11:21:35","date_gmt":"2021-12-04T11:21:35","guid":{"rendered":"https:\/\/onko.cancerequality.eu\/?page_id=12"},"modified":"2023-11-22T10:30:04","modified_gmt":"2023-11-22T07:30:04","slug":"vadiba","status":"publish","type":"page","link":"https:\/\/onkoalianse.lv\/en\/vadiba\/","title":{"rendered":"Management"},"content":{"rendered":"","protected":false},"excerpt":{"rendered":"","protected":false},"author":1,"featured_media":0,"parent":0,"menu_order":32,"comment_status":"closed","ping_status":"closed","template":"","meta":{"inline_featured_image":false,"footnotes":""},"class_list":["post-12","page","type-page","status-publish","hentry"],"acf":{"vadiba":[{"image":"https:\/\/onkoalianse.lv\/wp-content\/uploads\/2023\/06\/Olga_Valcina.jpg","name":"OLGA VALCI\u0145A","position":"Chairman of the Board","description":"Melanoma Patient Network \u201cA step ahead of Melanoma\u201d"},{"image":"https:\/\/onkoalianse.lv\/wp-content\/uploads\/2023\/05\/Edgars_Abolins_labots.jpg","name":"EDGARS \u0100BOLI\u0145\u0160","position":"Board member","description":"Men's Health Movement - \"Movember Latvia\" foundation"},{"image":"https:\/\/onkoalianse.lv\/wp-content\/uploads\/2023\/05\/Irina_Januma_FINAL.jpg","name":"IR\u012aNA JANUMA","position":"Board member","description":"Latvian Women - Volunteer Association \u201cVITA\u201d"},{"image":"https:\/\/onkoalianse.lv\/wp-content\/uploads\/2023\/05\/Harijs_Gals.png","name":"HARIJS GALS","position":"Board member","description":"Association of Lung Cancer Patients and their Relatives"},{"image":"https:\/\/onkoalianse.lv\/wp-content\/uploads\/2023\/05\/Mik2_FINAL.jpg","name":"\u0112RIKS MIKEL\u0160TEINS","position":"Board member","description":"Alliance for Men's Health \"Different Generations for Life\""},{"image":"https:\/\/onkoalianse.lv\/wp-content\/uploads\/2023\/05\/Zinta_Uskale.jpeg","name":"ZINTA USKALE","position":"Board member","description":"Pink Train Charity Foundation for support of breast cancer patients"}],"paslept_virsrakstu":false},"yoast_head":"<!-- This site is optimized with the Yoast SEO plugin v20.12 - https:\/\/yoast.com\/wordpress\/plugins\/seo\/ -->\n<title>Management - Onkoalianse<\/title>\n<meta name=\"robots\" content=\"index, follow, max-snippet:-1, max-image-preview:large, max-video-preview:-1\" \/>\n<link rel=\"canonical\" href=\"https:\/\/onkoalianse.lv\/en\/vadiba\/\" \/>\n<meta property=\"og:locale\" content=\"en_US\" \/>\n<meta property=\"og:type\" content=\"article\" \/>\n<meta property=\"og:title\" content=\"Management - Onkoalianse\" \/>\n<meta property=\"og:url\" content=\"https:\/\/onkoalianse.lv\/en\/vadiba\/\" \/>\n<meta property=\"og:site_name\" content=\"Onkoalianse\" \/>\n<meta property=\"article:modified_time\" content=\"2023-11-22T07:30:04+00:00\" \/>\n<meta name=\"twitter:card\" content=\"summary_large_image\" \/>\n<script type=\"application\/ld+json\" class=\"yoast-schema-graph\">{\"@context\":\"https:\/\/schema.org\",\"@graph\":[{\"@type\":\"WebPage\",\"@id\":\"https:\/\/onkoalianse.lv\/en\/vadiba\/\",\"url\":\"https:\/\/onkoalianse.lv\/en\/vadiba\/\",\"name\":\"Management - Onkoalianse\",\"isPartOf\":{\"@id\":\"https:\/\/onkoalianse.lv\/en\/#website\"},\"datePublished\":\"2021-12-04T11:21:35+00:00\",\"dateModified\":\"2023-11-22T07:30:04+00:00\",\"breadcrumb\":{\"@id\":\"https:\/\/onkoalianse.lv\/en\/vadiba\/#breadcrumb\"},\"inLanguage\":\"en-US\",\"potentialAction\":[{\"@type\":\"ReadAction\",\"target\":[[\"https:\/\/onkoalianse.lv\/en\/vadiba\/\"]]}]},{\"@type\":\"BreadcrumbList\",\"@id\":\"https:\/\/onkoalianse.lv\/en\/vadiba\/#breadcrumb\",\"itemListElement\":[{\"@type\":\"ListItem\",\"position\":1,\"name\":\"Home\",\"item\":\"https:\/\/onkoalianse.lv\/en\/\"},{\"@type\":\"ListItem\",\"position\":2,\"name\":\"Vad\u012bba\"}]},{\"@type\":\"WebSite\",\"@id\":\"https:\/\/onkoalianse.lv\/en\/#website\",\"url\":\"https:\/\/onkoalianse.lv\/en\/\",\"name\":\"Onkoalianse\",\"description\":\"Latvijas onkolo\u0123ijas pacientu organiz\u0101ciju apvien\u012bba\",\"potentialAction\":[{\"@type\":\"SearchAction\",\"target\":{\"@type\":\"EntryPoint\",\"urlTemplate\":\"https:\/\/onkoalianse.lv\/en\/?s={search_term_string}\"},\"query-input\":\"required name=search_term_string\"}],\"inLanguage\":\"en-US\"}]}<\/script>\n<!-- \/ Yoast SEO plugin. -->","yoast_head_json":{"title":"Management - Onkoalianse","robots":{"index":"index","follow":"follow","max-snippet":"max-snippet:-1","max-image-preview":"max-image-preview:large","max-video-preview":"max-video-preview:-1"},"canonical":"https:\/\/onkoalianse.lv\/en\/vadiba\/","og_locale":"en_US","og_type":"article","og_title":"Management - Onkoalianse","og_url":"https:\/\/onkoalianse.lv\/en\/vadiba\/","og_site_name":"Onkoalianse","article_modified_time":"2023-11-22T07:30:04+00:00","twitter_card":"summary_large_image","schema":{"@context":"https:\/\/schema.org","@graph":[{"@type":"WebPage","@id":"https:\/\/onkoalianse.lv\/en\/vadiba\/","url":"https:\/\/onkoalianse.lv\/en\/vadiba\/","name":"Management - Onkoalianse","isPartOf":{"@id":"https:\/\/onkoalianse.lv\/en\/#website"},"datePublished":"2021-12-04T11:21:35+00:00","dateModified":"2023-11-22T07:30:04+00:00","breadcrumb":{"@id":"https:\/\/onkoalianse.lv\/en\/vadiba\/#breadcrumb"},"inLanguage":"en-US","potentialAction":[{"@type":"ReadAction","target":[["https:\/\/onkoalianse.lv\/en\/vadiba\/"]]}]},{"@type":"BreadcrumbList","@id":"https:\/\/onkoalianse.lv\/en\/vadiba\/#breadcrumb","itemListElement":[{"@type":"ListItem","position":1,"name":"Home","item":"https:\/\/onkoalianse.lv\/en\/"},{"@type":"ListItem","position":2,"name":"Vad\u012bba"}]},{"@type":"WebSite","@id":"https:\/\/onkoalianse.lv\/en\/#website","url":"https:\/\/onkoalianse.lv\/en\/","name":"Onkoalianse","description":"Latvijas onkolo\u0123ijas pacientu organiz\u0101ciju apvien\u012bba","potentialAction":[{"@type":"SearchAction","target":{"@type":"EntryPoint","urlTemplate":"https:\/\/onkoalianse.lv\/en\/?s={search_term_string}"},"query-input":"required name=search_term_string"}],"inLanguage":"en-US"}]}},"_links":{"self":[{"href":"https:\/\/onkoalianse.lv\/en\/wp-json\/wp\/v2\/pages\/12","targetHints":{"allow":["GET"]}}],"collection":[{"href":"https:\/\/onkoalianse.lv\/en\/wp-json\/wp\/v2\/pages"}],"about":[{"href":"https:\/\/onkoalianse.lv\/en\/wp-json\/wp\/v2\/types\/page"}],"author":[{"embeddable":true,"href":"https:\/\/onkoalianse.lv\/en\/wp-json\/wp\/v2\/users\/1"}],"replies":[{"embeddable":true,"href":"https:\/\/onkoalianse.lv\/en\/wp-json\/wp\/v2\/comments?post=12"}],"version-history":[{"count":18,"href":"https:\/\/onkoalianse.lv\/en\/wp-json\/wp\/v2\/pages\/12\/revisions"}],"predecessor-version":[{"id":1073,"href":"https:\/\/onkoalianse.lv\/en\/wp-json\/wp\/v2\/pages\/12\/revisions\/1073"}],"wp:attachment":[{"href":"https:\/\/onkoalianse.lv\/en\/wp-json\/wp\/v2\/media?parent=12"}],"curies":[{"name":"wp","href":"https:\/\/api.w.org\/{rel}","templated":true}]}}